{"id":5674626,"date":"2019-04-11T08:01:08","date_gmt":"2019-04-11T06:01:08","guid":{"rendered":"http:\/\/mrandmrsmedia.com\/?page_id=5674626"},"modified":"2023-11-14T15:02:19","modified_gmt":"2023-11-14T14:02:19","slug":"agence","status":"publish","type":"page","link":"https:\/\/mrandmrsmedia.com\/fr\/agence\/","title":{"rendered":"L&rsquo;Agence"},"content":{"rendered":"<p>[vc_row full_width=\u00a0\u00bbstretch_row_content_no_spaces\u00a0\u00bb el_class=\u00a0\u00bbnorebro-content-wrap-left header-title-row padding-reset-left padding-reset-right\u00a0\u00bb][vc_column css=\u00a0\u00bb.vc_custom_1552851839217{padding-right: 37px !important;padding-left: 49px !important;}\u00a0\u00bb][vc_raw_html]JTNDZGl2JTIwY2xhc3MlM0QlMjJyaWdodC1iZyUyMiUzRSUzQyUyRmRpdiUzRQ==[\/vc_raw_html][vc_row_inner el_class=\u00a0\u00bbrow-fl about\u00a0\u00bb css=\u00a0\u00bb.vc_custom_1552851969748{padding-top: 136px !important;}\u00a0\u00bb][vc_column_inner width=\u00a0\u00bb1\/2&Prime; css=\u00a0\u00bb.vc_custom_1554962582491{background-image: url(http:\/\/mrandmrsmedia.com\/wp-content\/uploads\/2019\/04\/2012-02-27-um-11-56-44-1600&#215;834.jpg?id=5674617) !important;background-position: center !important;background-repeat: no-repeat !important;background-size: cover !important;}\u00a0\u00bb][vc_empty_space height=\u00a0\u00bb637px\u00a0\u00bb el_class=\u00a0\u00bbvc_hidden-xs\u00a0\u00bb][\/vc_column_inner][vc_column_inner width=\u00a0\u00bb1\/2&Prime; css=\u00a0\u00bb.vc_custom_1554963432855{padding-top: 70px !important;padding-left: 40px !important;}\u00a0\u00bb][vc_column_text]<\/p>\n<h1><span style=\"color: #000000;\"><strong>Experts dans l&rsquo;\u00e9dition haut de gamme<\/strong><\/span><\/h1>\n<p>[\/vc_column_text][vc_column_text]N\u00e9e \u00e0 Cannes, dans le sud de la France, Mr &amp; Mrs Media a emm\u00e9nag\u00e9 \u00e0 Paris il y a quelques ann\u00e9es pour se rapprocher de ses clients.<\/p>\n<p>Les magazines que nous concevons se distinguent par leur identit\u00e9 propre en phase avec l\u2019image de nos clients et par un souci du d\u00e9tail. Nous vous accompagnons de la cr\u00e9ation de votre ligne \u00e9ditoriale et de la charte graphique jusqu\u2019\u00e0 l\u2019impression de votre magazine et\/ou sa publication en ligne.<\/p>\n<p>L\u2019importance grandissante du digital nous a pouss\u00e9 \u00e0 innover constamment pour offrir des produits adapt\u00e9s \u00e0 chaque besoin et ainsi r\u00e9pondre aux id\u00e9aux de communication de chacun.[\/vc_column_text][\/vc_column_inner][\/vc_row_inner][vc_empty_space height=\u00a0\u00bb90px\u00a0\u00bb el_class=\u00a0\u00bbnorebro-phone-space\u00a0\u00bb][\/vc_column][\/vc_row][vc_row full_width=\u00a0\u00bbstretch_row_content_no_spaces\u00a0\u00bb el_class=\u00a0\u00bbnorebro-content-wrap-left header-title-row padding-reset-left padding-reset-right\u00a0\u00bb css=\u00a0\u00bb.vc_custom_1554963413009{margin-top: 50px !important;}\u00a0\u00bb][vc_column css=\u00a0\u00bb.vc_custom_1552851839217{padding-right: 37px !important;padding-left: 49px !important;}\u00a0\u00bb][vc_raw_html]JTNDZGl2JTIwY2xhc3MlM0QlMjJsZWZ0LWJnJTIyJTNFJTNDJTJGZGl2JTNF[\/vc_raw_html][vc_row_inner el_class=\u00a0\u00bbrow-fl about\u00a0\u00bb css=\u00a0\u00bb.vc_custom_1552851969748{padding-top: 136px !important;}\u00a0\u00bb][vc_column_inner width=\u00a0\u00bb1\/2&Prime; css=\u00a0\u00bb.vc_custom_1554974923230{margin-right: 40px !important;padding-top: 92px !important;padding-right: 22px !important;background-position: center !important;background-repeat: no-repeat !important;background-size: cover !important;}\u00a0\u00bb][vc_column_text]<\/p>\n<h1 style=\"text-align: left;\"><span style=\"color: #000000;\"><strong>Notre conviction<\/strong><\/span><\/h1>\n<h4 style=\"text-align: left;\"><span style=\"color: #000000;\">Le magazine a de l&rsquo;avenir<\/span><\/h4>\n<p>[\/vc_column_text][vc_column_text]Le magazine permet de cr\u00e9er un contact avec votre client, de diffuser votre actualit\u00e9 de mani\u00e8re dynamique et contr\u00f4l\u00e9e tout en d\u00e9terminant votre ligne \u00e9ditoriale pour ainsi ma\u00eetriser votre image de marque. Il faut aller au-del\u00e0 du produit en lui-m\u00eame et se concentrer sur son contenu pour prendre conscience de sa valeur.<\/p>\n<p>Votre magazine v\u00e9hicule votre raison d\u2019\u00eatre, vos id\u00e9es, vos intentions, votre histoire et avec lui, vous avez l\u2019assurance de toucher votre public cible.[\/vc_column_text][\/vc_column_inner][vc_column_inner width=\u00a0\u00bb1\/2&Prime; css=\u00a0\u00bb.vc_custom_1605202470399{padding-top: 40px !important;padding-left: 40px !important;background-image: url(https:\/\/mrandmrsmedia.com\/wp-content\/uploads\/2019\/12\/DSC1198_3.jpg?id=5676833) !important;}\u00a0\u00bb][vc_empty_space height=\u00a0\u00bb637px\u00a0\u00bb el_class=\u00a0\u00bbvc_hidden-xs\u00a0\u00bb][\/vc_column_inner][\/vc_row_inner][vc_empty_space height=\u00a0\u00bb90px\u00a0\u00bb el_class=\u00a0\u00bbnorebro-phone-space\u00a0\u00bb][\/vc_column][\/vc_row][vc_row][vc_column][vc_empty_space height=\u00a0\u00bb90&Prime;][\/vc_column][\/vc_row][vc_row full_width=\u00a0\u00bbstretch_row_content_no_spaces\u00a0\u00bb el_class=\u00a0\u00bbnorebro-content-wrap-left header-title-row padding-reset-left padding-reset-right\u00a0\u00bb][vc_column css=\u00a0\u00bb.vc_custom_1552851839217{padding-right: 37px !important;padding-left: 49px !important;}\u00a0\u00bb][vc_raw_html]JTNDZGl2JTIwY2xhc3MlM0QlMjJyaWdodC1iZzIlMjIlM0UlM0MlMkZkaXYlM0U=[\/vc_raw_html][vc_row_inner el_class=\u00a0\u00bbrow-fl about\u00a0\u00bb css=\u00a0\u00bb.vc_custom_1552851969748{padding-top: 136px !important;}\u00a0\u00bb][vc_column_inner width=\u00a0\u00bb1\/2&Prime; css=\u00a0\u00bb.vc_custom_1554962582491{background-image: url(http:\/\/mrandmrsmedia.com\/wp-content\/uploads\/2019\/04\/2012-02-27-um-11-56-44-1600&#215;834.jpg?id=5674617) !important;background-position: center !important;background-repeat: no-repeat !important;background-size: cover !important;}\u00a0\u00bb][vc_empty_space height=\u00a0\u00bb637px\u00a0\u00bb el_class=\u00a0\u00bbvc_hidden-xs\u00a0\u00bb][\/vc_column_inner][vc_column_inner width=\u00a0\u00bb1\/2&Prime; css=\u00a0\u00bb.vc_custom_1554963432855{padding-top: 70px !important;padding-left: 40px !important;}\u00a0\u00bb][vc_column_text]<\/p>\n<h1><span style=\"color: #000000;\"><strong>Une \u00e9quipe de professionnels sp\u00e9cialis\u00e9s<\/strong><\/span><\/h1>\n<p>[\/vc_column_text][vc_column_text]Notre \u00e9quipe vous accompagne \u00e0 chaque \u00e9tape de la cr\u00e9ation de votre magazine pour un rendu \u00e0 votre image.<\/p>\n<p><strong><em>Ligne \u00e9ditoriale<\/em><\/strong> sur mesure<\/p>\n<p><em><strong>R\u00e9daction<\/strong><\/em> par des journalistes professionnels<\/p>\n<p><em><strong>Service de traduction<\/strong><\/em> multilingue<\/p>\n<p><em><strong>Secr\u00e9tariat de r\u00e9daction<\/strong><\/em> (relectures\/corrections)<\/p>\n<p><em><strong>Graphistes<\/strong><\/em> (print\/web)<\/p>\n<p><em><strong>Mise en ligne optimis\u00e9e SEO<\/strong><\/em><\/p>\n<p><em><strong>Chef de projet<\/strong><\/em> pour vous accompagner<\/p>\n<p>Pour vous offrir un service \u00e0 la hauteur de vos attentes, vous validez chaque \u00e9tape, du sommaire au BAT final.[\/vc_column_text][\/vc_column_inner][\/vc_row_inner][vc_empty_space height=\u00a0\u00bb90px\u00a0\u00bb el_class=\u00a0\u00bbnorebro-phone-space\u00a0\u00bb][\/vc_column][\/vc_row]<\/p>\n","protected":false},"excerpt":{"rendered":"<p>[vc_row full_width=\u00a0\u00bbstretch_row_content_no_spaces\u00a0\u00bb el_class=\u00a0\u00bbnorebro-content-wrap-left header-title-row padding-reset-left padding-reset-right\u00a0\u00bb][vc_column css=\u00a0\u00bb.vc_custom_1552851839217{padding-right: 37px !important;padding-left: 49px !important;}\u00a0\u00bb][vc_raw_html]JTNDZGl2JTIwY2xhc3MlM0QlMjJyaWdodC1iZyUyMiUzRSUzQyUyRmRpdiUzRQ==[\/vc_raw_html][vc_row_inner el_class=\u00a0\u00bbrow-fl about\u00a0\u00bb css=\u00a0\u00bb.vc_custom_1552851969748{padding-top: 136px !important;}\u00a0\u00bb][vc_column_inner width=\u00a0\u00bb1\/2&Prime; css=\u00a0\u00bb.vc_custom_1554962582491{background-image: url(http:\/\/mrandmrsmedia.com\/wp-content\/uploads\/2019\/04\/2012-02-27-um-11-56-44-1600&#215;834.jpg?id=5674617) !important;background-position: center !important;background-repeat: no-repeat !important;background-size: cover !important;}\u00a0\u00bb][vc_empty_space height=\u00a0\u00bb637px\u00a0\u00bb el_class=\u00a0\u00bbvc_hidden-xs\u00a0\u00bb][\/vc_column_inner][vc_column_inner width=\u00a0\u00bb1\/2&Prime; css=\u00a0\u00bb.vc_custom_1554963432855{padding-top: 70px !important;padding-left: 40px !important;}\u00a0\u00bb][vc_column_text] Experts dans l&rsquo;\u00e9dition haut de gamme [\/vc_column_text][vc_column_text]N\u00e9e \u00e0 Cannes, dans le sud de la France, Mr &amp; Mrs Media a emm\u00e9nag\u00e9 [&hellip;]<\/p>\n","protected":false},"author":4,"featured_media":0,"parent":0,"menu_order":0,"comment_status":"closed","ping_status":"closed","template":"","meta":{"footnotes":""},"yoast_head":"<!-- This site is optimized with the Yoast SEO plugin v24.5 - https:\/\/yoast.com\/wordpress\/plugins\/seo\/ -->\n<title>Experts dans l&#039;\u00e9dition haut de gamme - Mr and Mrs Media<\/title>\n<meta name=\"description\" content=\"Cr\u00e9ez votre magazine premium avec Mr &amp; Mrs Media, l&#039;agence cr\u00e9atrice \u00e0 Paris. Explorez nos solutions en impression et digital, \u00e9ditorial de luxe ici \u2713\" \/>\n<meta name=\"robots\" content=\"index, follow, max-snippet:-1, max-image-preview:large, max-video-preview:-1\" \/>\n<link rel=\"canonical\" href=\"https:\/\/mrandmrsmedia.com\/fr\/agence\/\" \/>\n<meta property=\"og:locale\" content=\"fr_FR\" \/>\n<meta property=\"og:type\" content=\"article\" \/>\n<meta property=\"og:title\" content=\"Experts dans l&#039;\u00e9dition haut de gamme - Mr and Mrs Media\" \/>\n<meta property=\"og:description\" content=\"Cr\u00e9ez votre magazine premium avec Mr &amp; Mrs Media, l&#039;agence cr\u00e9atrice \u00e0 Paris. Explorez nos solutions en impression et digital, \u00e9ditorial de luxe ici \u2713\" \/>\n<meta property=\"og:url\" content=\"https:\/\/mrandmrsmedia.com\/fr\/agence\/\" \/>\n<meta property=\"og:site_name\" content=\"Mr and Mrs Media\" \/>\n<meta property=\"article:publisher\" content=\"https:\/\/www.facebook.com\/cvpeagency\/\" \/>\n<meta property=\"article:modified_time\" content=\"2023-11-14T14:02:19+00:00\" \/>\n<meta name=\"twitter:card\" content=\"summary_large_image\" \/>\n<meta name=\"twitter:label1\" content=\"Dur\u00e9e de lecture estim\u00e9e\" \/>\n\t<meta name=\"twitter:data1\" content=\"4 minutes\" \/>\n<script type=\"application\/ld+json\" class=\"yoast-schema-graph\">{\"@context\":\"https:\/\/schema.org\",\"@graph\":[{\"@type\":\"WebPage\",\"@id\":\"https:\/\/mrandmrsmedia.com\/fr\/agence\/\",\"url\":\"https:\/\/mrandmrsmedia.com\/fr\/agence\/\",\"name\":\"Experts dans l'\u00e9dition haut de gamme - Mr and Mrs Media\",\"isPartOf\":{\"@id\":\"https:\/\/mrandmrsmedia.com\/fr\/#website\"},\"datePublished\":\"2019-04-11T06:01:08+00:00\",\"dateModified\":\"2023-11-14T14:02:19+00:00\",\"description\":\"Cr\u00e9ez votre magazine premium avec Mr & Mrs Media, l'agence cr\u00e9atrice \u00e0 Paris. Explorez nos solutions en impression et digital, \u00e9ditorial de luxe ici \u2713\",\"breadcrumb\":{\"@id\":\"https:\/\/mrandmrsmedia.com\/fr\/agence\/#breadcrumb\"},\"inLanguage\":\"fr-FR\",\"potentialAction\":[{\"@type\":\"ReadAction\",\"target\":[\"https:\/\/mrandmrsmedia.com\/fr\/agence\/\"]}]},{\"@type\":\"BreadcrumbList\",\"@id\":\"https:\/\/mrandmrsmedia.com\/fr\/agence\/#breadcrumb\",\"itemListElement\":[{\"@type\":\"ListItem\",\"position\":1,\"name\":\"Accueil\",\"item\":\"https:\/\/mrandmrsmedia.com\/fr\/\"},{\"@type\":\"ListItem\",\"position\":2,\"name\":\"L&rsquo;Agence\"}]},{\"@type\":\"WebSite\",\"@id\":\"https:\/\/mrandmrsmedia.com\/fr\/#website\",\"url\":\"https:\/\/mrandmrsmedia.com\/fr\/\",\"name\":\"Mr and Mrs Media\",\"description\":\"Cr\u00e9ateur de magazines\",\"potentialAction\":[{\"@type\":\"SearchAction\",\"target\":{\"@type\":\"EntryPoint\",\"urlTemplate\":\"https:\/\/mrandmrsmedia.com\/fr\/?s={search_term_string}\"},\"query-input\":{\"@type\":\"PropertyValueSpecification\",\"valueRequired\":true,\"valueName\":\"search_term_string\"}}],\"inLanguage\":\"fr-FR\"}]}<\/script>\n<!-- \/ Yoast SEO plugin. -->","yoast_head_json":{"title":"Experts dans l'\u00e9dition haut de gamme - Mr and Mrs Media","description":"Cr\u00e9ez votre magazine premium avec Mr & Mrs Media, l'agence cr\u00e9atrice \u00e0 Paris. Explorez nos solutions en impression et digital, \u00e9ditorial de luxe ici \u2713","robots":{"index":"index","follow":"follow","max-snippet":"max-snippet:-1","max-image-preview":"max-image-preview:large","max-video-preview":"max-video-preview:-1"},"canonical":"https:\/\/mrandmrsmedia.com\/fr\/agence\/","og_locale":"fr_FR","og_type":"article","og_title":"Experts dans l'\u00e9dition haut de gamme - Mr and Mrs Media","og_description":"Cr\u00e9ez votre magazine premium avec Mr & Mrs Media, l'agence cr\u00e9atrice \u00e0 Paris. Explorez nos solutions en impression et digital, \u00e9ditorial de luxe ici \u2713","og_url":"https:\/\/mrandmrsmedia.com\/fr\/agence\/","og_site_name":"Mr and Mrs Media","article_publisher":"https:\/\/www.facebook.com\/cvpeagency\/","article_modified_time":"2023-11-14T14:02:19+00:00","twitter_card":"summary_large_image","twitter_misc":{"Dur\u00e9e de lecture estim\u00e9e":"4 minutes"},"schema":{"@context":"https:\/\/schema.org","@graph":[{"@type":"WebPage","@id":"https:\/\/mrandmrsmedia.com\/fr\/agence\/","url":"https:\/\/mrandmrsmedia.com\/fr\/agence\/","name":"Experts dans l'\u00e9dition haut de gamme - Mr and Mrs Media","isPartOf":{"@id":"https:\/\/mrandmrsmedia.com\/fr\/#website"},"datePublished":"2019-04-11T06:01:08+00:00","dateModified":"2023-11-14T14:02:19+00:00","description":"Cr\u00e9ez votre magazine premium avec Mr & Mrs Media, l'agence cr\u00e9atrice \u00e0 Paris. Explorez nos solutions en impression et digital, \u00e9ditorial de luxe ici \u2713","breadcrumb":{"@id":"https:\/\/mrandmrsmedia.com\/fr\/agence\/#breadcrumb"},"inLanguage":"fr-FR","potentialAction":[{"@type":"ReadAction","target":["https:\/\/mrandmrsmedia.com\/fr\/agence\/"]}]},{"@type":"BreadcrumbList","@id":"https:\/\/mrandmrsmedia.com\/fr\/agence\/#breadcrumb","itemListElement":[{"@type":"ListItem","position":1,"name":"Accueil","item":"https:\/\/mrandmrsmedia.com\/fr\/"},{"@type":"ListItem","position":2,"name":"L&rsquo;Agence"}]},{"@type":"WebSite","@id":"https:\/\/mrandmrsmedia.com\/fr\/#website","url":"https:\/\/mrandmrsmedia.com\/fr\/","name":"Mr and Mrs Media","description":"Cr\u00e9ateur de magazines","potentialAction":[{"@type":"SearchAction","target":{"@type":"EntryPoint","urlTemplate":"https:\/\/mrandmrsmedia.com\/fr\/?s={search_term_string}"},"query-input":{"@type":"PropertyValueSpecification","valueRequired":true,"valueName":"search_term_string"}}],"inLanguage":"fr-FR"}]}},"_links":{"self":[{"href":"https:\/\/mrandmrsmedia.com\/fr\/wp-json\/wp\/v2\/pages\/5674626"}],"collection":[{"href":"https:\/\/mrandmrsmedia.com\/fr\/wp-json\/wp\/v2\/pages"}],"about":[{"href":"https:\/\/mrandmrsmedia.com\/fr\/wp-json\/wp\/v2\/types\/page"}],"author":[{"embeddable":true,"href":"https:\/\/mrandmrsmedia.com\/fr\/wp-json\/wp\/v2\/users\/4"}],"replies":[{"embeddable":true,"href":"https:\/\/mrandmrsmedia.com\/fr\/wp-json\/wp\/v2\/comments?post=5674626"}],"version-history":[{"count":2,"href":"https:\/\/mrandmrsmedia.com\/fr\/wp-json\/wp\/v2\/pages\/5674626\/revisions"}],"predecessor-version":[{"id":5677314,"href":"https:\/\/mrandmrsmedia.com\/fr\/wp-json\/wp\/v2\/pages\/5674626\/revisions\/5677314"}],"wp:attachment":[{"href":"https:\/\/mrandmrsmedia.com\/fr\/wp-json\/wp\/v2\/media?parent=5674626"}],"curies":[{"name":"wp","href":"https:\/\/api.w.org\/{rel}","templated":true}]}}