{"id":5674422,"date":"2019-03-18T07:19:00","date_gmt":"2019-03-18T06:19:00","guid":{"rendered":"http:\/\/influencers.fr\/?page_id=5674422"},"modified":"2022-01-21T11:09:57","modified_gmt":"2022-01-21T10:09:57","slug":"produits","status":"publish","type":"page","link":"https:\/\/mrandmrsmedia.com\/fr\/produits\/","title":{"rendered":"Nos Produits"},"content":{"rendered":"<p>[vc_row full_width=\u00a0\u00bbstretch_row_content_no_spaces\u00a0\u00bb el_class=\u00a0\u00bbnorebro-content-wrap-left header-title-row padding-reset-left padding-reset-right\u00a0\u00bb][vc_column css=\u00a0\u00bb.vc_custom_1552851839217{padding-right: 37px !important;padding-left: 49px !important;}\u00a0\u00bb][vc_raw_html]JTNDZGl2JTIwY2xhc3MlM0QlMjJyaWdodC1iZyUyMiUzRSUzQyUyRmRpdiUzRQ==[\/vc_raw_html][vc_row_inner el_class=\u00a0\u00bbrow-fl about\u00a0\u00bb css=\u00a0\u00bb.vc_custom_1552851969748{padding-top: 136px !important;}\u00a0\u00bb][vc_column_inner width=\u00a0\u00bb1\/2&Prime; css=\u00a0\u00bb.vc_custom_1554961432145{background-image: url(http:\/\/mrandmrsmedia.com\/wp-content\/uploads\/2019\/04\/book-bookstand-studio-01-1600&#215;0-c-default.jpg?id=5674622) !important;background-position: center !important;background-repeat: no-repeat !important;background-size: cover !important;}\u00a0\u00bb][vc_empty_space height=\u00a0\u00bb637px\u00a0\u00bb el_class=\u00a0\u00bbvc_hidden-xs\u00a0\u00bb][\/vc_column_inner][vc_column_inner width=\u00a0\u00bb1\/2&Prime; css=\u00a0\u00bb.vc_custom_1552887167422{padding-top: 40px !important;padding-left: 40px !important;}\u00a0\u00bb][vc_column_text]<\/p>\n<h1><span style=\"color: #000000;\"><strong>Le Magazine d&rsquo;enseigne<\/strong><\/span><\/h1>\n<h4><span style=\"color: #000000;\">V\u00e9ritable reflet de l&rsquo;entreprise<\/span><\/h4>\n<p>[\/vc_column_text][vc_column_text]Mettez \u00e0 disposition de vos clients un magazine papier, v\u00e9ritable reflet de votre entreprise. Le magazine d\u2019enseigne ob\u00e9it \u00e0 des objectifs d\u2019image, relationnels et de services. Sa ligne \u00e9ditoriale, ses contenus et sa forme peuvent varier selon votre activit\u00e9.<\/p>\n<p><strong>Le magazine sur mesure.<\/strong> Le contenu de nos magazines est r\u00e9alis\u00e9 par nos journalistes et graphistes sp\u00e9cialis\u00e9s. Quel que soit le th\u00e8me abord\u00e9, notre \u00e9quipe saura le sublimer. Racontez votre histoire comme bon vous semble.<\/p>\n<p><strong>Le magazine \u00e9cologique<\/strong>. Afin de r\u00e9pondre \u00e0 vos exigences environnementales, nous pouvons proposer la conception d\u2019un magazine enti\u00e8rement pens\u00e9 pour respecter les normes en vigueur.<\/p>\n<p><strong>Le guide de voyage<\/strong>. R\u00e9elle valeur ajout\u00e9e, il permet de procurer un sentiment d\u2019exclusivit\u00e9 \u00e0 vos clients tout en leur transmettant votre regard sur une ville, une r\u00e9gion ou un pays.<\/p>\n<p>Chaque entreprise dispose d\u2019un environnement \u00e9conomique compos\u00e9 de clients, fournisseurs, marques ou plus g\u00e9n\u00e9ralement partenaires qui peuvent \u00eatre int\u00e9ress\u00e9s \u00e0 cibler votre audience. Nous pouvons prendre en charge la r\u00e9gie publicitaire afin de r\u00e9duire le co\u00fbt de votre magazine.<\/p>\n<p><a href=\"https:\/\/mrandmrsmedia.com\/fr\/contact-createur-de-magazines\/\">Contactez-nous<\/a>[\/vc_column_text][\/vc_column_inner][\/vc_row_inner][vc_empty_space height=\u00a0\u00bb90px\u00a0\u00bb][\/vc_column][\/vc_row][vc_row full_width=\u00a0\u00bbstretch_row_content_no_spaces\u00a0\u00bb el_class=\u00a0\u00bbnorebro-content-wrap-left header-title-row padding-reset-left padding-reset-right\u00a0\u00bb css=\u00a0\u00bb.vc_custom_1554963413009{margin-top: 50px !important;}\u00a0\u00bb][vc_column css=\u00a0\u00bb.vc_custom_1552851839217{padding-right: 37px !important;padding-left: 49px !important;}\u00a0\u00bb][vc_raw_html]JTNDZGl2JTIwY2xhc3MlM0QlMjJsZWZ0LWJnJTIyJTNFJTNDJTJGZGl2JTNF[\/vc_raw_html][vc_row_inner el_class=\u00a0\u00bbrow-fl about\u00a0\u00bb css=\u00a0\u00bb.vc_custom_1552851969748{padding-top: 136px !important;}\u00a0\u00bb][vc_column_inner width=\u00a0\u00bb1\/2&Prime; css=\u00a0\u00bb.vc_custom_1554974923230{margin-right: 40px !important;padding-top: 92px !important;padding-right: 22px !important;background-position: center !important;background-repeat: no-repeat !important;background-size: cover !important;}\u00a0\u00bb][vc_column_text]<\/p>\n<h1 style=\"text-align: left;\"><span style=\"color: #000000;\"><strong>Tailormaag<\/strong><\/span><\/h1>\n<h4 style=\"text-align: left;\"><span style=\"color: #000000;\">Le magazine Mobile First<\/span><\/h4>\n<p>[\/vc_column_text][vc_column_text]<\/p>\n<p style=\"text-align: left;\">L&rsquo;heure est au webmagazine et aux contenus de valeur.<\/p>\n<p style=\"text-align: left;\">Sur la toile, votre contenu doit se diff\u00e9rencier des autres avec une ligne \u00e9ditoriale sur mesure afin de ma\u00eetriser votre image de marque. Nous vous proposons les m\u00eames services que pour un magazine papier mais sur le digital.<\/p>\n<p style=\"text-align: left;\">Gardez une longueur d\u2019avance et maintenez une relation authentique avec votre audience.<\/p>\n<p style=\"text-align: left;\">Les avantages de Tailormaag sont nombreux :<br \/>\n<em>Actualisation de contenu \u00e0 tout moment<\/em><br \/>\n<em>Aucune limite de quantit\u00e9 : articles, photos, vid\u00e9os<\/em><br \/>\n<em>Facile d\u2019acc\u00e8s sans t\u00e9l\u00e9chargement<\/em><br \/>\n<em>Multilingue<\/em><br \/>\n<em>Social Media friendly<\/em><br \/>\n<em>Conversion du contenu print\/digital<\/em><\/p>\n<p><a href=\"https:\/\/tailormaag.com\/pages\/abonnements\" target=\"_blank\" rel=\"noopener noreferrer\">Contactez l&rsquo;\u00e9quipe Tailormaag<\/a>[\/vc_column_text][\/vc_column_inner][vc_column_inner width=\u00a0\u00bb1\/2&Prime; css=\u00a0\u00bb.vc_custom_1554977888853{padding-top: 40px !important;padding-left: 40px !important;background-image: url(http:\/\/mrandmrsmedia.com\/wp-content\/uploads\/2019\/03\/4e1d6953269469.592e676d4b2a9.jpg?id=5674445) !important;background-position: center !important;background-repeat: no-repeat !important;background-size: cover !important;}\u00a0\u00bb][vc_empty_space height=\u00a0\u00bb637px\u00a0\u00bb el_class=\u00a0\u00bbvc_hidden-xs\u00a0\u00bb][\/vc_column_inner][\/vc_row_inner][vc_empty_space height=\u00a0\u00bb90px\u00a0\u00bb][\/vc_column][\/vc_row][vc_row][vc_column][vc_empty_space height=\u00a0\u00bb90&Prime;][\/vc_column][\/vc_row][vc_row full_width=\u00a0\u00bbstretch_row_content_no_spaces\u00a0\u00bb el_class=\u00a0\u00bbnorebro-content-wrap-left header-title-row padding-reset-left padding-reset-right\u00a0\u00bb][vc_column css=\u00a0\u00bb.vc_custom_1552851839217{padding-right: 37px !important;padding-left: 49px !important;}\u00a0\u00bb][vc_raw_html]JTNDZGl2JTIwY2xhc3MlM0QlMjJyaWdodC1iZzIlMjIlM0UlM0MlMkZkaXYlM0U=[\/vc_raw_html][vc_row_inner el_class=\u00a0\u00bbrow-fl about\u00a0\u00bb css=\u00a0\u00bb.vc_custom_1552851969748{padding-top: 136px !important;}\u00a0\u00bb][vc_column_inner width=\u00a0\u00bb1\/2&Prime; css=\u00a0\u00bb.vc_custom_1554962582491{background-image: url(http:\/\/mrandmrsmedia.com\/wp-content\/uploads\/2019\/04\/2012-02-27-um-11-56-44-1600&#215;834.jpg?id=5674617) !important;background-position: center !important;background-repeat: no-repeat !important;background-size: cover !important;}\u00a0\u00bb][vc_empty_space height=\u00a0\u00bb637px\u00a0\u00bb el_class=\u00a0\u00bbvc_hidden-xs\u00a0\u00bb][\/vc_column_inner][vc_column_inner width=\u00a0\u00bb1\/2&Prime; css=\u00a0\u00bb.vc_custom_1554963432855{padding-top: 70px !important;padding-left: 40px !important;}\u00a0\u00bb][vc_column_text]<\/p>\n<h1><span style=\"color: #000000;\"><strong>Maagbook<\/strong><\/span><\/h1>\n<h4><span style=\"color: #000000;\">Le nouveau Consumer Magazine<\/span><\/h4>\n<p>[\/vc_column_text][vc_column_text]Trop souvent, les clients repartent les mains vides alors qu\u2019ils sont venus jusqu\u2019\u00e0 vous !<\/p>\n<p>Pens\u00e9 sous un format court et un contenu bas\u00e9 sur du \u00ab storytelling \u00bb, MaagBook propose un sommaire optimis\u00e9 pour mettre en lumi\u00e8re votre enseigne :<\/p>\n<p><strong>Edito<\/strong>. Accueillir vos clients dans votre univers.<\/p>\n<p><strong>Histoire<\/strong>. D\u00e9voiler vos secrets, vos anecdotes pour cr\u00e9er un lien avec vos clients.<\/p>\n<p><strong>Vitrine<\/strong>. Plonger vos clients dans votre univers gr\u00e2ce aux photos de vos produits, de votre \u00e9v\u00e9nement, de votre atmosph\u00e8re, etc.<\/p>\n<p><strong>Coup de Projecteurs<\/strong>. Pr\u00e9senter votre savoir-faire, vos partenaires, ce petit plus qui vous d\u00e9marque.<\/p>\n<p><strong>T\u00e9moignage<\/strong>. Valoriser votre marque, votre enseigne, votre projet \u00e0 travers les t\u00e9moignages de vos clients, partenaires, etc.<\/p>\n<p><strong>Carnet d&rsquo;adresses<\/strong>. Inviter vos lecteurs \u00e0 suivre vos recommandations lifestyle (shopping, gastronomie, etc.) pour se rapprocher de vous.<\/p>\n<p><strong>Jeu &amp; R\u00e9seaux sociaux<\/strong>. Engager votre communaut\u00e9 chez vous et en ligne.<\/p>\n<p><a href=\"https:\/\/mrandmrsmedia.com\/fr\/contact-createur-de-magazines\/\" target=\"_blank\" rel=\"noopener noreferrer\">Cr\u00e9ons votre Consumer Magazine<\/a>[\/vc_column_text][\/vc_column_inner][\/vc_row_inner][vc_empty_space height=\u00a0\u00bb90px\u00a0\u00bb][\/vc_column][\/vc_row][vc_row][vc_column][vc_empty_space height=\u00a0\u00bb40&Prime;][\/vc_column][\/vc_row][vc_row full_width=\u00a0\u00bbstretch_row_content_no_spaces\u00a0\u00bb el_class=\u00a0\u00bbnorebro-content-wrap-left header-title-row padding-reset-left padding-reset-right\u00a0\u00bb css=\u00a0\u00bb.vc_custom_1554963413009{margin-top: 50px !important;}\u00a0\u00bb][vc_column css=\u00a0\u00bb.vc_custom_1552851839217{padding-right: 37px !important;padding-left: 49px !important;}\u00a0\u00bb][vc_raw_html]JTNDZGl2JTIwY2xhc3MlM0QlMjJsZWZ0LWJnJTIyJTNFJTNDJTJGZGl2JTNF[\/vc_raw_html][vc_row_inner el_class=\u00a0\u00bbrow-fl about\u00a0\u00bb css=\u00a0\u00bb.vc_custom_1552851969748{padding-top: 136px !important;}\u00a0\u00bb][vc_column_inner width=\u00a0\u00bb1\/2&Prime; css=\u00a0\u00bb.vc_custom_1554974923230{margin-right: 40px !important;padding-top: 92px !important;padding-right: 22px !important;background-position: center !important;background-repeat: no-repeat !important;background-size: cover !important;}\u00a0\u00bb][vc_column_text]<\/p>\n<h1 style=\"text-align: left;\"><span style=\"color: #000000;\"><strong>LIK&rsquo;AFFINITY<\/strong><\/span><\/h1>\n<h4 style=\"text-align: left;\"><span style=\"color: #000000;\">Coming Soon!<\/span><\/h4>\n<p>[\/vc_column_text][vc_column_text]<\/p>\n<p style=\"text-align: left;\">LIK\u2019AFFINITY arrive bient\u00f4t sur vos smartphones. Mobile, digital, vertical, social, gratuit et tout public, ayez entre vos mains le nouveau magazine qui vous ressemble.<\/p>\n<p style=\"text-align: left;\">Avec un format novateur parfaitement adapt\u00e9 \u00e0 votre t\u00e9l\u00e9phone, recevez-le sur votre messagerie instantan\u00e9e.<\/p>\n<p style=\"text-align: left;\">Gr\u00e2ce \u00e0 ce nouveau magazine, suivez les derni\u00e8res tendances en un clic !<\/p>\n<p><a href=\"https:\/\/likaffinity.com\" target=\"_blank\" rel=\"noopener noreferrer\">www.likaffinity.com<\/a><\/p>\n<p>&nbsp;<\/p>\n<p>&nbsp;<\/p>\n<p>&nbsp;<\/p>\n<p>&nbsp;<\/p>\n<p>[\/vc_column_text][\/vc_column_inner][vc_column_inner width=\u00a0\u00bb1\/2&Prime; css=\u00a0\u00bb.vc_custom_1642693859559{background-image: url(https:\/\/mrandmrsmedia.com\/wp-content\/uploads\/2022\/01\/LA-Website-MMM.png?id=5677048) !important;background-position: center !important;background-repeat: no-repeat !important;background-size: cover !important;}\u00a0\u00bb][vc_empty_space height=\u00a0\u00bb537px\u00a0\u00bb el_class=\u00a0\u00bbvc_hidden-xs\u00a0\u00bb][\/vc_column_inner][\/vc_row_inner][\/vc_column][\/vc_row][vc_row][vc_column][vc_empty_space height=\u00a0\u00bb90&Prime;][\/vc_column][\/vc_row]<\/p>\n","protected":false},"excerpt":{"rendered":"<p>[vc_row full_width=\u00a0\u00bbstretch_row_content_no_spaces\u00a0\u00bb el_class=\u00a0\u00bbnorebro-content-wrap-left header-title-row padding-reset-left padding-reset-right\u00a0\u00bb][vc_column css=\u00a0\u00bb.vc_custom_1552851839217{padding-right: 37px !important;padding-left: 49px !important;}\u00a0\u00bb][vc_raw_html]JTNDZGl2JTIwY2xhc3MlM0QlMjJyaWdodC1iZyUyMiUzRSUzQyUyRmRpdiUzRQ==[\/vc_raw_html][vc_row_inner el_class=\u00a0\u00bbrow-fl about\u00a0\u00bb css=\u00a0\u00bb.vc_custom_1552851969748{padding-top: 136px !important;}\u00a0\u00bb][vc_column_inner width=\u00a0\u00bb1\/2&Prime; css=\u00a0\u00bb.vc_custom_1554961432145{background-image: url(http:\/\/mrandmrsmedia.com\/wp-content\/uploads\/2019\/04\/book-bookstand-studio-01-1600&#215;0-c-default.jpg?id=5674622) !important;background-position: center !important;background-repeat: no-repeat !important;background-size: cover !important;}\u00a0\u00bb][vc_empty_space height=\u00a0\u00bb637px\u00a0\u00bb el_class=\u00a0\u00bbvc_hidden-xs\u00a0\u00bb][\/vc_column_inner][vc_column_inner width=\u00a0\u00bb1\/2&Prime; css=\u00a0\u00bb.vc_custom_1552887167422{padding-top: 40px !important;padding-left: 40px !important;}\u00a0\u00bb][vc_column_text] Le Magazine d&rsquo;enseigne V\u00e9ritable reflet de l&rsquo;entreprise [\/vc_column_text][vc_column_text]Mettez \u00e0 disposition de vos clients un magazine papier, v\u00e9ritable reflet de votre entreprise. [&hellip;]<\/p>\n","protected":false},"author":4,"featured_media":0,"parent":0,"menu_order":0,"comment_status":"closed","ping_status":"closed","template":"","meta":{"footnotes":""},"yoast_head":"<!-- This site is optimized with the Yoast SEO plugin v24.5 - https:\/\/yoast.com\/wordpress\/plugins\/seo\/ -->\n<title>Magazine d&#039;enseigne, Tailormaag, Maagbook - Mr and Mrs Media<\/title>\n<meta name=\"description\" content=\"Nos magazines print et web refl\u00e8tent l&#039;identit\u00e9 de marque de nos clients.Nous prenons soin de cr\u00e9er des magazines au rendu haut de gamme.\" \/>\n<meta name=\"robots\" content=\"index, follow, max-snippet:-1, max-image-preview:large, max-video-preview:-1\" \/>\n<link rel=\"canonical\" href=\"https:\/\/mrandmrsmedia.com\/fr\/produits\/\" \/>\n<meta property=\"og:locale\" content=\"fr_FR\" \/>\n<meta property=\"og:type\" content=\"article\" \/>\n<meta property=\"og:title\" content=\"Magazine d&#039;enseigne, Tailormaag, Maagbook - Mr and Mrs Media\" \/>\n<meta property=\"og:description\" content=\"Nos magazines print et web refl\u00e8tent l&#039;identit\u00e9 de marque de nos clients.Nous prenons soin de cr\u00e9er des magazines au rendu haut de gamme.\" \/>\n<meta property=\"og:url\" content=\"https:\/\/mrandmrsmedia.com\/fr\/produits\/\" \/>\n<meta property=\"og:site_name\" content=\"Mr and Mrs Media\" \/>\n<meta property=\"article:publisher\" content=\"https:\/\/www.facebook.com\/cvpeagency\/\" \/>\n<meta property=\"article:modified_time\" content=\"2022-01-21T10:09:57+00:00\" \/>\n<meta name=\"twitter:card\" content=\"summary_large_image\" \/>\n<meta name=\"twitter:label1\" content=\"Dur\u00e9e de lecture estim\u00e9e\" \/>\n\t<meta name=\"twitter:data1\" content=\"6 minutes\" \/>\n<script type=\"application\/ld+json\" class=\"yoast-schema-graph\">{\"@context\":\"https:\/\/schema.org\",\"@graph\":[{\"@type\":\"WebPage\",\"@id\":\"https:\/\/mrandmrsmedia.com\/fr\/produits\/\",\"url\":\"https:\/\/mrandmrsmedia.com\/fr\/produits\/\",\"name\":\"Magazine d'enseigne, Tailormaag, Maagbook - Mr and Mrs Media\",\"isPartOf\":{\"@id\":\"https:\/\/mrandmrsmedia.com\/fr\/#website\"},\"datePublished\":\"2019-03-18T06:19:00+00:00\",\"dateModified\":\"2022-01-21T10:09:57+00:00\",\"description\":\"Nos magazines print et web refl\u00e8tent l'identit\u00e9 de marque de nos clients.Nous prenons soin de cr\u00e9er des magazines au rendu haut de gamme.\",\"breadcrumb\":{\"@id\":\"https:\/\/mrandmrsmedia.com\/fr\/produits\/#breadcrumb\"},\"inLanguage\":\"fr-FR\",\"potentialAction\":[{\"@type\":\"ReadAction\",\"target\":[\"https:\/\/mrandmrsmedia.com\/fr\/produits\/\"]}]},{\"@type\":\"BreadcrumbList\",\"@id\":\"https:\/\/mrandmrsmedia.com\/fr\/produits\/#breadcrumb\",\"itemListElement\":[{\"@type\":\"ListItem\",\"position\":1,\"name\":\"Accueil\",\"item\":\"https:\/\/mrandmrsmedia.com\/fr\/\"},{\"@type\":\"ListItem\",\"position\":2,\"name\":\"Nos Produits\"}]},{\"@type\":\"WebSite\",\"@id\":\"https:\/\/mrandmrsmedia.com\/fr\/#website\",\"url\":\"https:\/\/mrandmrsmedia.com\/fr\/\",\"name\":\"Mr and Mrs Media\",\"description\":\"Cr\u00e9ateur de magazines\",\"potentialAction\":[{\"@type\":\"SearchAction\",\"target\":{\"@type\":\"EntryPoint\",\"urlTemplate\":\"https:\/\/mrandmrsmedia.com\/fr\/?s={search_term_string}\"},\"query-input\":{\"@type\":\"PropertyValueSpecification\",\"valueRequired\":true,\"valueName\":\"search_term_string\"}}],\"inLanguage\":\"fr-FR\"}]}<\/script>\n<!-- \/ Yoast SEO plugin. -->","yoast_head_json":{"title":"Magazine d'enseigne, Tailormaag, Maagbook - Mr and Mrs Media","description":"Nos magazines print et web refl\u00e8tent l'identit\u00e9 de marque de nos clients.Nous prenons soin de cr\u00e9er des magazines au rendu haut de gamme.","robots":{"index":"index","follow":"follow","max-snippet":"max-snippet:-1","max-image-preview":"max-image-preview:large","max-video-preview":"max-video-preview:-1"},"canonical":"https:\/\/mrandmrsmedia.com\/fr\/produits\/","og_locale":"fr_FR","og_type":"article","og_title":"Magazine d'enseigne, Tailormaag, Maagbook - Mr and Mrs Media","og_description":"Nos magazines print et web refl\u00e8tent l'identit\u00e9 de marque de nos clients.Nous prenons soin de cr\u00e9er des magazines au rendu haut de gamme.","og_url":"https:\/\/mrandmrsmedia.com\/fr\/produits\/","og_site_name":"Mr and Mrs Media","article_publisher":"https:\/\/www.facebook.com\/cvpeagency\/","article_modified_time":"2022-01-21T10:09:57+00:00","twitter_card":"summary_large_image","twitter_misc":{"Dur\u00e9e de lecture estim\u00e9e":"6 minutes"},"schema":{"@context":"https:\/\/schema.org","@graph":[{"@type":"WebPage","@id":"https:\/\/mrandmrsmedia.com\/fr\/produits\/","url":"https:\/\/mrandmrsmedia.com\/fr\/produits\/","name":"Magazine d'enseigne, Tailormaag, Maagbook - Mr and Mrs Media","isPartOf":{"@id":"https:\/\/mrandmrsmedia.com\/fr\/#website"},"datePublished":"2019-03-18T06:19:00+00:00","dateModified":"2022-01-21T10:09:57+00:00","description":"Nos magazines print et web refl\u00e8tent l'identit\u00e9 de marque de nos clients.Nous prenons soin de cr\u00e9er des magazines au rendu haut de gamme.","breadcrumb":{"@id":"https:\/\/mrandmrsmedia.com\/fr\/produits\/#breadcrumb"},"inLanguage":"fr-FR","potentialAction":[{"@type":"ReadAction","target":["https:\/\/mrandmrsmedia.com\/fr\/produits\/"]}]},{"@type":"BreadcrumbList","@id":"https:\/\/mrandmrsmedia.com\/fr\/produits\/#breadcrumb","itemListElement":[{"@type":"ListItem","position":1,"name":"Accueil","item":"https:\/\/mrandmrsmedia.com\/fr\/"},{"@type":"ListItem","position":2,"name":"Nos Produits"}]},{"@type":"WebSite","@id":"https:\/\/mrandmrsmedia.com\/fr\/#website","url":"https:\/\/mrandmrsmedia.com\/fr\/","name":"Mr and Mrs Media","description":"Cr\u00e9ateur de magazines","potentialAction":[{"@type":"SearchAction","target":{"@type":"EntryPoint","urlTemplate":"https:\/\/mrandmrsmedia.com\/fr\/?s={search_term_string}"},"query-input":{"@type":"PropertyValueSpecification","valueRequired":true,"valueName":"search_term_string"}}],"inLanguage":"fr-FR"}]}},"_links":{"self":[{"href":"https:\/\/mrandmrsmedia.com\/fr\/wp-json\/wp\/v2\/pages\/5674422"}],"collection":[{"href":"https:\/\/mrandmrsmedia.com\/fr\/wp-json\/wp\/v2\/pages"}],"about":[{"href":"https:\/\/mrandmrsmedia.com\/fr\/wp-json\/wp\/v2\/types\/page"}],"author":[{"embeddable":true,"href":"https:\/\/mrandmrsmedia.com\/fr\/wp-json\/wp\/v2\/users\/4"}],"replies":[{"embeddable":true,"href":"https:\/\/mrandmrsmedia.com\/fr\/wp-json\/wp\/v2\/comments?post=5674422"}],"version-history":[{"count":32,"href":"https:\/\/mrandmrsmedia.com\/fr\/wp-json\/wp\/v2\/pages\/5674422\/revisions"}],"predecessor-version":[{"id":5677056,"href":"https:\/\/mrandmrsmedia.com\/fr\/wp-json\/wp\/v2\/pages\/5674422\/revisions\/5677056"}],"wp:attachment":[{"href":"https:\/\/mrandmrsmedia.com\/fr\/wp-json\/wp\/v2\/media?parent=5674422"}],"curies":[{"name":"wp","href":"https:\/\/api.w.org\/{rel}","templated":true}]}}