{"id":5676216,"date":"2019-03-18T07:19:00","date_gmt":"2019-03-18T06:19:00","guid":{"rendered":"https:\/\/mrandmrsmedia.com\/createur\/"},"modified":"2021-11-24T09:30:05","modified_gmt":"2021-11-24T08:30:05","slug":"creator","status":"publish","type":"page","link":"https:\/\/mrandmrsmedia.com\/en\/creator\/","title":{"rendered":"Creator"},"content":{"rendered":"<p>[vc_row full_width=&#8221;stretch_row_content_no_spaces&#8221; el_class=&#8221;norebro-content-wrap-left header-title-row padding-reset-left padding-reset-right&#8221;][vc_column css=&#8221;.vc_custom_1552851839217{padding-right: 37px !important;padding-left: 49px !important;}&#8221;][vc_raw_html]JTNDZGl2JTIwY2xhc3MlM0QlMjJyaWdodC1iZyUyMiUzRSUzQyUyRmRpdiUzRQ==[\/vc_raw_html][vc_row_inner el_class=&#8221;row-fl about&#8221; css=&#8221;.vc_custom_1552851969748{padding-top: 136px !important;}&#8221;][vc_column_inner width=&#8221;1\/2&#8243; css=&#8221;.vc_custom_1554961432145{background-image: url(http:\/\/mrandmrsmedia.com\/wp-content\/uploads\/2019\/04\/book-bookstand-studio-01-1600&#215;0-c-default.jpg?id=5674622) !important;background-position: center !important;background-repeat: no-repeat !important;background-size: cover !important;}&#8221;][vc_empty_space height=&#8221;637px&#8221; el_class=&#8221;vc_hidden-xs&#8221;][\/vc_column_inner][vc_column_inner width=&#8221;1\/2&#8243; css=&#8221;.vc_custom_1552887167422{padding-top: 40px !important;padding-left: 40px !important;}&#8221;][vc_column_text]<\/p>\n<h1><span style=\"color: #000000;\"> <strong> Creative Magazines <\/strong> <\/span><\/h1>\n<h4><span style=\"color: #000000;\"> Mr &amp; amp; Mrs Media high-end magazine creator <\/span><\/h4>\n<p>[\/vc_column_text][vc_column_text]<\/p>\n<p>For more than a decade, we have been serving the most prestigious establishments in Europe with our know-how in high-end magazine publishing.<\/p>\n<p>We manage every step of magazine creation while respecting the brand identity of the brands we represent.<\/p>\n<p>From the elaboration of the summary to the printing, our team of journalists, graphic designers and our partners collaborate with the same objective: the satisfaction of the readers.<\/p>\n<p>In perpetual motion, we support the publishing industry with our innovations.<br \/>\nOur latest creation is the magazine 3.0: a reading &#8220;mobile first&#8221; available at any time.<\/p>\n<p>[\/vc_column_text][\/vc_column_inner][\/vc_row_inner][vc_empty_space height=&#8221;90px&#8221; el_class=&#8221;norebro-phone-space&#8221;][\/vc_column][\/vc_row][vc_row el_class=&#8221;hidden-xs&#8221;][vc_column][vc_column_text]<\/p>\n<p>&nbsp;<\/p>\n<p>&nbsp;<\/p>\n<p>[\/vc_column_text][\/vc_column][\/vc_row][vc_row full_width=&#8221;stretch_row_content_no_spaces&#8221; el_class=&#8221;norebro-content-wrap-left header-title-row padding-reset-left padding-reset-right&#8221; css=&#8221;.vc_custom_1554963413009{margin-top: 50px !important;}&#8221;][vc_column css=&#8221;.vc_custom_1552851839217{padding-right: 37px !important;padding-left: 49px !important;}&#8221;][vc_raw_html]JTNDZGl2JTIwY2xhc3MlM0QlMjJsZWZ0LWJnJTIyJTNFJTNDJTJGZGl2JTNF[\/vc_raw_html][vc_row_inner el_class=&#8221;row-fl about&#8221; css=&#8221;.vc_custom_1552851969748{padding-top: 136px !important;}&#8221;][vc_column_inner width=&#8221;1\/2&#8243; css=&#8221;.vc_custom_1554974923230{margin-right: 40px !important;padding-top: 92px !important;padding-right: 22px !important;background-position: center !important;background-repeat: no-repeat !important;background-size: cover !important;}&#8221;][vc_column_text]<\/p>\n<h1 style=\"text-align: right;\"><span style=\"color: #000000;\"><strong>Content writing<\/strong><\/span><\/h1>\n<h4 style=\"text-align: right;\"><span style=\"color: #000000;\">Your customized storytelling <\/span><\/h4>\n<p>[\/vc_column_text][vc_column_text]<\/p>\n<p style=\"text-align: right;\">Our team of reporters subverts your story to deliver branded content tailored to your customers.<\/p>\n<p style=\"text-align: right;\">We also suggest you create a brand content strategy around your brand to increase your brand awareness.<\/p>\n<p style=\"text-align: right;\">A tailor-made brand content for quality word-of-mouth.<\/p>\n<p>[\/vc_column_text][\/vc_column_inner][vc_column_inner width=&#8221;1\/2&#8243; css=&#8221;.vc_custom_1554977888853{padding-top: 40px !important;padding-left: 40px !important;background-image: url(http:\/\/mrandmrsmedia.com\/wp-content\/uploads\/2019\/03\/4e1d6953269469.592e676d4b2a9.jpg?id=5674445) !important;background-position: center !important;background-repeat: no-repeat !important;background-size: cover !important;}&#8221;][vc_empty_space height=&#8221;637px&#8221; el_class=&#8221;vc_hidden-xs&#8221;][\/vc_column_inner][\/vc_row_inner][vc_empty_space height=&#8221;90px&#8221; el_class=&#8221;norebro-phone-space&#8221;][\/vc_column][\/vc_row][vc_row el_class=&#8221;hidden-xs&#8221;][vc_column][vc_column_text]<\/p>\n<p>&nbsp;<\/p>\n<p>&nbsp;<\/p>\n<p>[\/vc_column_text][\/vc_column][\/vc_row][vc_row full_width=&#8221;stretch_row_content_no_spaces&#8221; el_class=&#8221;norebro-content-wrap-left header-title-row padding-reset-left padding-reset-right&#8221;][vc_column css=&#8221;.vc_custom_1552851839217{padding-right: 37px !important;padding-left: 49px !important;}&#8221;][vc_raw_html]JTNDZGl2JTIwY2xhc3MlM0QlMjJyaWdodC1iZzIlMjIlM0UlM0MlMkZkaXYlM0U=[\/vc_raw_html][vc_row_inner el_class=&#8221;row-fl about&#8221; css=&#8221;.vc_custom_1552851969748{padding-top: 136px !important;}&#8221;][vc_column_inner width=&#8221;1\/2&#8243; css=&#8221;.vc_custom_1554962582491{background-image: url(http:\/\/mrandmrsmedia.com\/wp-content\/uploads\/2019\/04\/2012-02-27-um-11-56-44-1600&#215;834.jpg?id=5674617) !important;background-position: center !important;background-repeat: no-repeat !important;background-size: cover !important;}&#8221;][vc_empty_space height=&#8221;637px&#8221; el_class=&#8221;vc_hidden-xs&#8221;][\/vc_column_inner][vc_column_inner width=&#8221;1\/2&#8243; css=&#8221;.vc_custom_1554963432855{padding-top: 70px !important;padding-left: 40px !important;}&#8221;][vc_column_text]<\/p>\n<h1><span style=\"color: #000000;\"><strong>Creation models<\/strong><\/span><\/h1>\n<h4><span style=\"color: #000000;\">A model in your image<\/span><\/h4>\n<p>[\/vc_column_text][vc_column_text]The models of our magazines reflect the brand identity of each of our customers.<\/p>\n<p>We take care to create models that respect the codes of luxury for a high-end rendering.<\/p>\n<p>Through quality visuals and a studied layout, our goal is to offer you a splendid setting in which your customers can escape.[\/vc_column_text][\/vc_column_inner][\/vc_row_inner][vc_empty_space height=&#8221;90px&#8221; el_class=&#8221;norebro-phone-space&#8221;][\/vc_column][\/vc_row]<\/p>\n","protected":false},"excerpt":{"rendered":"<p>[vc_row full_width=&#8221;stretch_row_content_no_spaces&#8221; el_class=&#8221;norebro-content-wrap-left header-title-row padding-reset-left padding-reset-right&#8221;][vc_column css=&#8221;.vc_custom_1552851839217{padding-right: 37px !important;padding-left: 49px !important;}&#8221;][vc_raw_html]JTNDZGl2JTIwY2xhc3MlM0QlMjJyaWdodC1iZyUyMiUzRSUzQyUyRmRpdiUzRQ==[\/vc_raw_html][vc_row_inner el_class=&#8221;row-fl about&#8221; css=&#8221;.vc_custom_1552851969748{padding-top: 136px !important;}&#8221;][vc_column_inner width=&#8221;1\/2&#8243; css=&#8221;.vc_custom_1554961432145{background-image: url(http:\/\/mrandmrsmedia.com\/wp-content\/uploads\/2019\/04\/book-bookstand-studio-01-1600&#215;0-c-default.jpg?id=5674622) !important;background-position: center !important;background-repeat: no-repeat !important;background-size: cover !important;}&#8221;][vc_empty_space height=&#8221;637px&#8221; el_class=&#8221;vc_hidden-xs&#8221;][\/vc_column_inner][vc_column_inner width=&#8221;1\/2&#8243; css=&#8221;.vc_custom_1552887167422{padding-top: 40px !important;padding-left: 40px !important;}&#8221;][vc_column_text] Creative Magazines Mr &amp; amp; Mrs Media high-end magazine creator [\/vc_column_text][vc_column_text] For more than a decade, we have been serving the [&hellip;]<\/p>\n","protected":false},"author":4,"featured_media":0,"parent":0,"menu_order":0,"comment_status":"closed","ping_status":"closed","template":"","meta":{"footnotes":""},"yoast_head":"<!-- This site is optimized with the Yoast SEO plugin v24.5 - https:\/\/yoast.com\/wordpress\/plugins\/seo\/ -->\n<title>Creator cr\u00e9ateur de magazines - Mr and Mrs Media<\/title>\n<meta name=\"description\" content=\"Nos magazines refl\u00e8tent l&#039;identit\u00e9 de marque des clients.Nous prenons soin de cr\u00e9er des magazines au rendu haut de gamme.\" \/>\n<meta name=\"robots\" content=\"index, follow, max-snippet:-1, max-image-preview:large, max-video-preview:-1\" \/>\n<link rel=\"canonical\" href=\"https:\/\/mrandmrsmedia.com\/fr\/produits\/\" \/>\n<meta property=\"og:locale\" content=\"en_US\" \/>\n<meta property=\"og:type\" content=\"article\" \/>\n<meta property=\"og:title\" content=\"Creator cr\u00e9ateur de magazines - Mr and Mrs Media\" \/>\n<meta property=\"og:description\" content=\"Nos magazines refl\u00e8tent l&#039;identit\u00e9 de marque des clients.Nous prenons soin de cr\u00e9er des magazines au rendu haut de gamme.\" \/>\n<meta property=\"og:url\" content=\"https:\/\/mrandmrsmedia.com\/fr\/produits\/\" \/>\n<meta property=\"og:site_name\" content=\"Mr and Mrs Media\" \/>\n<meta property=\"article:publisher\" content=\"https:\/\/www.facebook.com\/cvpeagency\/\" \/>\n<meta property=\"article:modified_time\" content=\"2021-11-24T08:30:05+00:00\" \/>\n<meta name=\"twitter:card\" content=\"summary_large_image\" \/>\n<meta name=\"twitter:label1\" content=\"Est. reading time\" \/>\n\t<meta name=\"twitter:data1\" content=\"3 minutes\" \/>\n<script type=\"application\/ld+json\" class=\"yoast-schema-graph\">{\"@context\":\"https:\/\/schema.org\",\"@graph\":[{\"@type\":\"WebPage\",\"@id\":\"https:\/\/mrandmrsmedia.com\/fr\/produits\/\",\"url\":\"https:\/\/mrandmrsmedia.com\/fr\/produits\/\",\"name\":\"Creator cr\u00e9ateur de magazines - Mr and Mrs Media\",\"isPartOf\":{\"@id\":\"https:\/\/mrandmrsmedia.com\/fr\/#website\"},\"datePublished\":\"2019-03-18T06:19:00+00:00\",\"dateModified\":\"2021-11-24T08:30:05+00:00\",\"description\":\"Nos magazines refl\u00e8tent l'identit\u00e9 de marque des clients.Nous prenons soin de cr\u00e9er des magazines au rendu haut de gamme.\",\"breadcrumb\":{\"@id\":\"https:\/\/mrandmrsmedia.com\/fr\/produits\/#breadcrumb\"},\"inLanguage\":\"en-US\",\"potentialAction\":[{\"@type\":\"ReadAction\",\"target\":[\"https:\/\/mrandmrsmedia.com\/fr\/produits\/\"]}]},{\"@type\":\"BreadcrumbList\",\"@id\":\"https:\/\/mrandmrsmedia.com\/fr\/produits\/#breadcrumb\",\"itemListElement\":[{\"@type\":\"ListItem\",\"position\":1,\"name\":\"Accueil\",\"item\":\"https:\/\/mrandmrsmedia.com\/en\/\"},{\"@type\":\"ListItem\",\"position\":2,\"name\":\"Creator\"}]},{\"@type\":\"WebSite\",\"@id\":\"https:\/\/mrandmrsmedia.com\/fr\/#website\",\"url\":\"https:\/\/mrandmrsmedia.com\/fr\/\",\"name\":\"Mr and Mrs Media\",\"description\":\"Cr\u00e9ateur de magazines\",\"potentialAction\":[{\"@type\":\"SearchAction\",\"target\":{\"@type\":\"EntryPoint\",\"urlTemplate\":\"https:\/\/mrandmrsmedia.com\/fr\/?s={search_term_string}\"},\"query-input\":{\"@type\":\"PropertyValueSpecification\",\"valueRequired\":true,\"valueName\":\"search_term_string\"}}],\"inLanguage\":\"en-US\"}]}<\/script>\n<!-- \/ Yoast SEO plugin. -->","yoast_head_json":{"title":"Creator cr\u00e9ateur de magazines - Mr and Mrs Media","description":"Nos magazines refl\u00e8tent l'identit\u00e9 de marque des clients.Nous prenons soin de cr\u00e9er des magazines au rendu haut de gamme.","robots":{"index":"index","follow":"follow","max-snippet":"max-snippet:-1","max-image-preview":"max-image-preview:large","max-video-preview":"max-video-preview:-1"},"canonical":"https:\/\/mrandmrsmedia.com\/fr\/produits\/","og_locale":"en_US","og_type":"article","og_title":"Creator cr\u00e9ateur de magazines - Mr and Mrs Media","og_description":"Nos magazines refl\u00e8tent l'identit\u00e9 de marque des clients.Nous prenons soin de cr\u00e9er des magazines au rendu haut de gamme.","og_url":"https:\/\/mrandmrsmedia.com\/fr\/produits\/","og_site_name":"Mr and Mrs Media","article_publisher":"https:\/\/www.facebook.com\/cvpeagency\/","article_modified_time":"2021-11-24T08:30:05+00:00","twitter_card":"summary_large_image","twitter_misc":{"Est. reading time":"3 minutes"},"schema":{"@context":"https:\/\/schema.org","@graph":[{"@type":"WebPage","@id":"https:\/\/mrandmrsmedia.com\/fr\/produits\/","url":"https:\/\/mrandmrsmedia.com\/fr\/produits\/","name":"Creator cr\u00e9ateur de magazines - Mr and Mrs Media","isPartOf":{"@id":"https:\/\/mrandmrsmedia.com\/fr\/#website"},"datePublished":"2019-03-18T06:19:00+00:00","dateModified":"2021-11-24T08:30:05+00:00","description":"Nos magazines refl\u00e8tent l'identit\u00e9 de marque des clients.Nous prenons soin de cr\u00e9er des magazines au rendu haut de gamme.","breadcrumb":{"@id":"https:\/\/mrandmrsmedia.com\/fr\/produits\/#breadcrumb"},"inLanguage":"en-US","potentialAction":[{"@type":"ReadAction","target":["https:\/\/mrandmrsmedia.com\/fr\/produits\/"]}]},{"@type":"BreadcrumbList","@id":"https:\/\/mrandmrsmedia.com\/fr\/produits\/#breadcrumb","itemListElement":[{"@type":"ListItem","position":1,"name":"Accueil","item":"https:\/\/mrandmrsmedia.com\/en\/"},{"@type":"ListItem","position":2,"name":"Creator"}]},{"@type":"WebSite","@id":"https:\/\/mrandmrsmedia.com\/fr\/#website","url":"https:\/\/mrandmrsmedia.com\/fr\/","name":"Mr and Mrs Media","description":"Cr\u00e9ateur de magazines","potentialAction":[{"@type":"SearchAction","target":{"@type":"EntryPoint","urlTemplate":"https:\/\/mrandmrsmedia.com\/fr\/?s={search_term_string}"},"query-input":{"@type":"PropertyValueSpecification","valueRequired":true,"valueName":"search_term_string"}}],"inLanguage":"en-US"}]}},"_links":{"self":[{"href":"https:\/\/mrandmrsmedia.com\/en\/wp-json\/wp\/v2\/pages\/5676216"}],"collection":[{"href":"https:\/\/mrandmrsmedia.com\/en\/wp-json\/wp\/v2\/pages"}],"about":[{"href":"https:\/\/mrandmrsmedia.com\/en\/wp-json\/wp\/v2\/types\/page"}],"author":[{"embeddable":true,"href":"https:\/\/mrandmrsmedia.com\/en\/wp-json\/wp\/v2\/users\/4"}],"replies":[{"embeddable":true,"href":"https:\/\/mrandmrsmedia.com\/en\/wp-json\/wp\/v2\/comments?post=5676216"}],"version-history":[{"count":1,"href":"https:\/\/mrandmrsmedia.com\/en\/wp-json\/wp\/v2\/pages\/5676216\/revisions"}],"predecessor-version":[{"id":5676987,"href":"https:\/\/mrandmrsmedia.com\/en\/wp-json\/wp\/v2\/pages\/5676216\/revisions\/5676987"}],"wp:attachment":[{"href":"https:\/\/mrandmrsmedia.com\/en\/wp-json\/wp\/v2\/media?parent=5676216"}],"curies":[{"name":"wp","href":"https:\/\/api.w.org\/{rel}","templated":true}]}}