{"id":5676215,"date":"2017-08-15T13:05:53","date_gmt":"2017-08-15T13:05:53","guid":{"rendered":"https:\/\/mrandmrsmedia.com\/lagence\/"},"modified":"2021-11-24T09:30:05","modified_gmt":"2021-11-24T08:30:05","slug":"lagence","status":"publish","type":"page","link":"https:\/\/mrandmrsmedia.com\/en\/lagence\/","title":{"rendered":"L&#8217;agence"},"content":{"rendered":"<p>[vc_row full_width=&#8221;stretch_row_content_no_spaces&#8221; el_class=&#8221;norebro-content-wrap-left header-title-row padding-reset-left padding-reset-right&#8221;][vc_column css=&#8221;.vc_custom_1552851839217{padding-right: 37px !important;padding-left: 49px !important;}&#8221;][vc_raw_html]JTNDZGl2JTIwY2xhc3MlM0QlMjJyaWdodC1iZyUyMiUzRSUzQyUyRmRpdiUzRQ==[\/vc_raw_html][vc_row_inner el_class=&#8221;row-fl about&#8221; css=&#8221;.vc_custom_1552851969748{padding-top: 136px !important;}&#8221;][vc_column_inner width=&#8221;1\/2&#8243; css=&#8221;.vc_custom_1552888789410{background-image: url(http:\/\/influencers.fr\/wp-content\/uploads\/2019\/03\/Shaw_Haven_Shot10_NoChair_Final_RGB_WEB-2.jpg?id=5674219) !important;background-position: center !important;background-repeat: no-repeat !important;background-size: cover !important;}&#8221;][vc_empty_space height=&#8221;637px&#8221; el_class=&#8221;vc_hidden-xs&#8221;][\/vc_column_inner][vc_column_inner width=&#8221;1\/2&#8243; css=&#8221;.vc_custom_1552887167422{padding-top: 40px !important;padding-left: 40px !important;}&#8221;][vc_column_text]<\/p>\n<h4><span style=\"color: #000000;\">Cr\u00e9ateur de magazine<\/span><\/h4>\n<h1><span style=\"color: #000000;\"><strong>A propos<\/strong><\/span><\/h1>\n<h4><span style=\"color: #000000;\">Mr &amp; Mrs Media est une agence de presse sp\u00e9cialis\u00e9e dans la r\u00e9alisation de magazines BtoB et BtoC.<\/span><\/h4>\n<p>[\/vc_column_text][vc_column_text]Chez Mr &amp; Mrs Media nous d\u00e9veloppons \u00e0 vos c\u00f4t\u00e9s le contenu de marque adapt\u00e9s \u00e0 votre client\u00e8le.<br \/>\nNous mettons \u00e0 votre disposition notre expertise dans le domaine de la production de contenus \u00e9ditoriaux pour vous permettre de construire l\u2019univers de votre marque<\/p>\n<p>Une strat\u00e9gie de brand content autour de votre \u00e9tablissement et de vos annonceurs pour accro\u00eetre votre notori\u00e9t\u00e9.<\/p>\n<p>Cela permet de fid\u00e9liser votre client\u00e8le en cr\u00e9ant un \u00e9change, de plus lorsqu\u2019ils quittent votre h\u00f4tel ils peuvent l\u2019emporter avec eux et ainsi renforcer la m\u00e9morisation.<\/p>\n<p>Votre magazine compos\u00e9 d\u2019un contenu de qualit\u00e9 repr\u00e9sente une r\u00e9elle valeur ajout\u00e9e.<\/p>\n<p>&nbsp;<\/p>\n<p>[\/vc_column_text][\/vc_column_inner][\/vc_row_inner][vc_empty_space height=&#8221;90px&#8221; el_class=&#8221;norebro-phone-space&#8221;][\/vc_column][\/vc_row][vc_row full_width=&#8221;stretch_row_content_no_spaces&#8221; css=&#8221;.vc_custom_1552887966769{background-image: url(http:\/\/influencers.fr\/wp-content\/uploads\/2019\/03\/a4-6-.jpg?id=5674190) !important;background-position: center !important;background-repeat: no-repeat !important;background-size: cover !important;}&#8221;][vc_column][vc_row_inner][vc_column_inner width=&#8221;1\/4&#8243;][\/vc_column_inner][vc_column_inner width=&#8221;1\/2&#8243; css=&#8221;.vc_custom_1552888046860{padding: 66px !important;}&#8221;][vc_empty_space height=&#8221;72px&#8221;][vc_column_text css=&#8221;.vc_custom_1552889621454{padding-top: 66px !important;padding-right: 66px !important;padding-bottom: 66px !important;padding-left: 66px !important;background-color: #ffffff !important;}&#8221; el_class=&#8221;center&#8221;]<\/p>\n<h1 class=\"page-head-title contact-head-title\" style=\"text-align: center;\"><span style=\"color: #000000;\"><strong><span class=\"page-head-title-main contact-head-title-main title-head\" style=\"font-size: 31px; line-height: 36px; display: table; margin-bottom: 28px;\">Nous accordons une importance toute particuli\u00e8re \u00e0 la fabrication de nos magazines<\/span><\/strong><\/span><\/h1>\n<p style=\"text-align: center;\"><span style=\"color: #000000;\">Nous prenons le temps de s\u00e9lectionner un papier de qualit\u00e9 et sommes attentifs au choix de l\u2019imprimeur. Nous veillons \u00e0 veiller \u00e0 respecter les circuits courts en s\u00e9lectionnant des fournisseurs europ\u00e9ens.Passionn\u00e9 par l\u2019\u00e9dition, nous suivons de pr\u00e8s l\u2019\u00e9volution du digital pour l\u2019int\u00e9grer dans nos magazines et cr\u00e9er un lien fort entre le papier et internet.<\/span><\/p>\n<p>[\/vc_column_text][vc_empty_space height=&#8221;72px&#8221;][\/vc_column_inner][vc_column_inner width=&#8221;1\/4&#8243;][\/vc_column_inner][\/vc_row_inner][\/vc_column][\/vc_row][vc_row full_width=&#8221;stretch_row_content_no_spaces&#8221; el_class=&#8221;norebro-content-wrap-left header-title-row padding-reset-left padding-reset-right&#8221;][vc_column css=&#8221;.vc_custom_1552851839217{padding-right: 37px !important;padding-left: 49px !important;}&#8221;][vc_raw_html]JTNDZGl2JTIwY2xhc3MlM0QlMjJyaWdodC1iZyUyMiUzRSUzQyUyRmRpdiUzRQ==[\/vc_raw_html][vc_row_inner el_class=&#8221;row-fl about&#8221; css=&#8221;.vc_custom_1552851969748{padding-top: 136px !important;}&#8221;][vc_column_inner width=&#8221;1\/2&#8243; css=&#8221;.vc_custom_1552889266902{padding-right: 22px !important;background-position: center !important;background-repeat: no-repeat !important;background-size: cover !important;}&#8221;][vc_column_text]<\/p>\n<h1><span style=\"color: #000000;\"><strong>Nos Clients<\/strong><\/span><\/h1>\n<h4><span style=\"color: #000000;\">Depuis 10 ans Mr &amp; Mrs Media a produit et publi\u00e9 plus de 500 magazines pour une centaine d\u2019\u00e9tablissements diff\u00e9rents<\/span><\/h4>\n<p>[\/vc_column_text][vc_column_text]Parmi nos r\u00e9f\u00e9rences nous comptons de grands noms dans l\u2019h\u00f4tellerie, l\u2019immobilier et l\u2019art de vivre.<\/p>\n<p>L\u2019agence a su entretenir un r\u00e9seau important d\u2019annonceurs qui sont devenus des partenaires de confiance.<\/p>\n<p>Qu\u2019ils \u00e9voluent dans l\u2019h\u00f4tellerie-restauration ou l\u2019univers de l\u2019immobilier, nos clients sont des acteurs du secteur du luxe. Des magazines qui jouissent d\u2019une visibilit\u00e9 privil\u00e9gi\u00e9e gr\u00e2ce \u00e0 leur pr\u00e9sence exclusive dans les chambres et les restaurants. Des places de choix o\u00f9 ils seront appr\u00e9ci\u00e9s par une client\u00e8le prestigieuse.<\/p>\n<p>Dans chaque ville et pays o\u00f9 nous somme pr\u00e9sents nous avons le plaisir de collaborer avec les \u00e9tablissements cl\u00e9s. Des r\u00e9f\u00e9rences qui sont des partenaires de choix aux c\u00f4t\u00e9s desquels il est gratifiant de diffuser sa communication.[\/vc_column_text][\/vc_column_inner][vc_column_inner width=&#8221;1\/2&#8243; css=&#8221;.vc_custom_1552889305049{padding-top: 40px !important;padding-left: 40px !important;background-image: url(http:\/\/influencers.fr\/wp-content\/uploads\/2019\/03\/instagram_1995598144234066256_14513825.jpg?id=5674354) !important;background-position: center !important;background-repeat: no-repeat !important;background-size: cover !important;}&#8221;][vc_empty_space height=&#8221;637px&#8221; el_class=&#8221;vc_hidden-xs&#8221;][\/vc_column_inner][\/vc_row_inner][vc_empty_space height=&#8221;90px&#8221; el_class=&#8221;norebro-phone-space&#8221;][\/vc_column][\/vc_row]<\/p>\n","protected":false},"excerpt":{"rendered":"<p>[vc_row full_width=&#8221;stretch_row_content_no_spaces&#8221; el_class=&#8221;norebro-content-wrap-left header-title-row padding-reset-left padding-reset-right&#8221;][vc_column css=&#8221;.vc_custom_1552851839217{padding-right: 37px !important;padding-left: 49px !important;}&#8221;][vc_raw_html]JTNDZGl2JTIwY2xhc3MlM0QlMjJyaWdodC1iZyUyMiUzRSUzQyUyRmRpdiUzRQ==[\/vc_raw_html][vc_row_inner el_class=&#8221;row-fl about&#8221; css=&#8221;.vc_custom_1552851969748{padding-top: 136px !important;}&#8221;][vc_column_inner width=&#8221;1\/2&#8243; css=&#8221;.vc_custom_1552888789410{background-image: url(http:\/\/influencers.fr\/wp-content\/uploads\/2019\/03\/Shaw_Haven_Shot10_NoChair_Final_RGB_WEB-2.jpg?id=5674219) !important;background-position: center !important;background-repeat: no-repeat !important;background-size: cover !important;}&#8221;][vc_empty_space height=&#8221;637px&#8221; el_class=&#8221;vc_hidden-xs&#8221;][\/vc_column_inner][vc_column_inner width=&#8221;1\/2&#8243; css=&#8221;.vc_custom_1552887167422{padding-top: 40px !important;padding-left: 40px !important;}&#8221;][vc_column_text] Cr\u00e9ateur de magazine A propos Mr &amp; Mrs Media est une agence de presse sp\u00e9cialis\u00e9e dans la r\u00e9alisation de magazines BtoB [&hellip;]<\/p>\n","protected":false},"author":4,"featured_media":0,"parent":0,"menu_order":0,"comment_status":"closed","ping_status":"closed","template":"","meta":{"footnotes":""},"yoast_head":"<!-- This site is optimized with the Yoast SEO plugin v24.5 - https:\/\/yoast.com\/wordpress\/plugins\/seo\/ -->\n<title>L&#039;agence Mr and Mrs Media<\/title>\n<meta name=\"robots\" content=\"index, follow, max-snippet:-1, max-image-preview:large, max-video-preview:-1\" \/>\n<link rel=\"canonical\" href=\"https:\/\/mrandmrsmedia.com\/en\/lagence\/\" \/>\n<meta property=\"og:locale\" content=\"en_US\" \/>\n<meta property=\"og:type\" content=\"article\" \/>\n<meta property=\"og:title\" content=\"L&#039;agence Mr and Mrs Media\" \/>\n<meta property=\"og:description\" content=\"[vc_row full_width=&#8221;stretch_row_content_no_spaces&#8221; el_class=&#8221;norebro-content-wrap-left header-title-row padding-reset-left padding-reset-right&#8221;][vc_column css=&#8221;.vc_custom_1552851839217{padding-right: 37px !important;padding-left: 49px !important;}&#8221;][vc_raw_html]JTNDZGl2JTIwY2xhc3MlM0QlMjJyaWdodC1iZyUyMiUzRSUzQyUyRmRpdiUzRQ==[\/vc_raw_html][vc_row_inner el_class=&#8221;row-fl about&#8221; css=&#8221;.vc_custom_1552851969748{padding-top: 136px !important;}&#8221;][vc_column_inner width=&#8221;1\/2&#8243; css=&#8221;.vc_custom_1552888789410{background-image: url(http:\/\/influencers.fr\/wp-content\/uploads\/2019\/03\/Shaw_Haven_Shot10_NoChair_Final_RGB_WEB-2.jpg?id=5674219) !important;background-position: center !important;background-repeat: no-repeat !important;background-size: cover !important;}&#8221;][vc_empty_space height=&#8221;637px&#8221; el_class=&#8221;vc_hidden-xs&#8221;][\/vc_column_inner][vc_column_inner width=&#8221;1\/2&#8243; css=&#8221;.vc_custom_1552887167422{padding-top: 40px !important;padding-left: 40px !important;}&#8221;][vc_column_text] Cr\u00e9ateur de magazine A propos Mr &amp; Mrs Media est une agence de presse sp\u00e9cialis\u00e9e dans la r\u00e9alisation de magazines BtoB [&hellip;]\" \/>\n<meta property=\"og:url\" content=\"https:\/\/mrandmrsmedia.com\/en\/lagence\/\" \/>\n<meta property=\"og:site_name\" content=\"Mr and Mrs Media\" \/>\n<meta property=\"article:publisher\" content=\"https:\/\/www.facebook.com\/cvpeagency\/\" \/>\n<meta property=\"article:modified_time\" content=\"2021-11-24T08:30:05+00:00\" \/>\n<meta name=\"twitter:card\" content=\"summary_large_image\" \/>\n<meta name=\"twitter:label1\" content=\"Est. reading time\" \/>\n\t<meta name=\"twitter:data1\" content=\"4 minutes\" \/>\n<script type=\"application\/ld+json\" class=\"yoast-schema-graph\">{\"@context\":\"https:\/\/schema.org\",\"@graph\":[{\"@type\":\"WebPage\",\"@id\":\"https:\/\/mrandmrsmedia.com\/en\/lagence\/\",\"url\":\"https:\/\/mrandmrsmedia.com\/en\/lagence\/\",\"name\":\"L'agence Mr and Mrs Media\",\"isPartOf\":{\"@id\":\"https:\/\/mrandmrsmedia.com\/fr\/#website\"},\"datePublished\":\"2017-08-15T13:05:53+00:00\",\"dateModified\":\"2021-11-24T08:30:05+00:00\",\"breadcrumb\":{\"@id\":\"https:\/\/mrandmrsmedia.com\/en\/lagence\/#breadcrumb\"},\"inLanguage\":\"en-US\",\"potentialAction\":[{\"@type\":\"ReadAction\",\"target\":[\"https:\/\/mrandmrsmedia.com\/en\/lagence\/\"]}]},{\"@type\":\"BreadcrumbList\",\"@id\":\"https:\/\/mrandmrsmedia.com\/en\/lagence\/#breadcrumb\",\"itemListElement\":[{\"@type\":\"ListItem\",\"position\":1,\"name\":\"Accueil\",\"item\":\"https:\/\/mrandmrsmedia.com\/en\/\"},{\"@type\":\"ListItem\",\"position\":2,\"name\":\"L&rsquo;agence\"}]},{\"@type\":\"WebSite\",\"@id\":\"https:\/\/mrandmrsmedia.com\/fr\/#website\",\"url\":\"https:\/\/mrandmrsmedia.com\/fr\/\",\"name\":\"Mr and Mrs Media\",\"description\":\"Cr\u00e9ateur de magazines\",\"potentialAction\":[{\"@type\":\"SearchAction\",\"target\":{\"@type\":\"EntryPoint\",\"urlTemplate\":\"https:\/\/mrandmrsmedia.com\/fr\/?s={search_term_string}\"},\"query-input\":{\"@type\":\"PropertyValueSpecification\",\"valueRequired\":true,\"valueName\":\"search_term_string\"}}],\"inLanguage\":\"en-US\"}]}<\/script>\n<!-- \/ Yoast SEO plugin. -->","yoast_head_json":{"title":"L'agence Mr and Mrs Media","robots":{"index":"index","follow":"follow","max-snippet":"max-snippet:-1","max-image-preview":"max-image-preview:large","max-video-preview":"max-video-preview:-1"},"canonical":"https:\/\/mrandmrsmedia.com\/en\/lagence\/","og_locale":"en_US","og_type":"article","og_title":"L'agence Mr and Mrs Media","og_description":"[vc_row full_width=&#8221;stretch_row_content_no_spaces&#8221; el_class=&#8221;norebro-content-wrap-left header-title-row padding-reset-left padding-reset-right&#8221;][vc_column css=&#8221;.vc_custom_1552851839217{padding-right: 37px !important;padding-left: 49px !important;}&#8221;][vc_raw_html]JTNDZGl2JTIwY2xhc3MlM0QlMjJyaWdodC1iZyUyMiUzRSUzQyUyRmRpdiUzRQ==[\/vc_raw_html][vc_row_inner el_class=&#8221;row-fl about&#8221; css=&#8221;.vc_custom_1552851969748{padding-top: 136px !important;}&#8221;][vc_column_inner width=&#8221;1\/2&#8243; css=&#8221;.vc_custom_1552888789410{background-image: url(http:\/\/influencers.fr\/wp-content\/uploads\/2019\/03\/Shaw_Haven_Shot10_NoChair_Final_RGB_WEB-2.jpg?id=5674219) !important;background-position: center !important;background-repeat: no-repeat !important;background-size: cover !important;}&#8221;][vc_empty_space height=&#8221;637px&#8221; el_class=&#8221;vc_hidden-xs&#8221;][\/vc_column_inner][vc_column_inner width=&#8221;1\/2&#8243; css=&#8221;.vc_custom_1552887167422{padding-top: 40px !important;padding-left: 40px !important;}&#8221;][vc_column_text] Cr\u00e9ateur de magazine A propos Mr &amp; Mrs Media est une agence de presse sp\u00e9cialis\u00e9e dans la r\u00e9alisation de magazines BtoB [&hellip;]","og_url":"https:\/\/mrandmrsmedia.com\/en\/lagence\/","og_site_name":"Mr and Mrs Media","article_publisher":"https:\/\/www.facebook.com\/cvpeagency\/","article_modified_time":"2021-11-24T08:30:05+00:00","twitter_card":"summary_large_image","twitter_misc":{"Est. reading time":"4 minutes"},"schema":{"@context":"https:\/\/schema.org","@graph":[{"@type":"WebPage","@id":"https:\/\/mrandmrsmedia.com\/en\/lagence\/","url":"https:\/\/mrandmrsmedia.com\/en\/lagence\/","name":"L'agence Mr and Mrs Media","isPartOf":{"@id":"https:\/\/mrandmrsmedia.com\/fr\/#website"},"datePublished":"2017-08-15T13:05:53+00:00","dateModified":"2021-11-24T08:30:05+00:00","breadcrumb":{"@id":"https:\/\/mrandmrsmedia.com\/en\/lagence\/#breadcrumb"},"inLanguage":"en-US","potentialAction":[{"@type":"ReadAction","target":["https:\/\/mrandmrsmedia.com\/en\/lagence\/"]}]},{"@type":"BreadcrumbList","@id":"https:\/\/mrandmrsmedia.com\/en\/lagence\/#breadcrumb","itemListElement":[{"@type":"ListItem","position":1,"name":"Accueil","item":"https:\/\/mrandmrsmedia.com\/en\/"},{"@type":"ListItem","position":2,"name":"L&rsquo;agence"}]},{"@type":"WebSite","@id":"https:\/\/mrandmrsmedia.com\/fr\/#website","url":"https:\/\/mrandmrsmedia.com\/fr\/","name":"Mr and Mrs Media","description":"Cr\u00e9ateur de magazines","potentialAction":[{"@type":"SearchAction","target":{"@type":"EntryPoint","urlTemplate":"https:\/\/mrandmrsmedia.com\/fr\/?s={search_term_string}"},"query-input":{"@type":"PropertyValueSpecification","valueRequired":true,"valueName":"search_term_string"}}],"inLanguage":"en-US"}]}},"_links":{"self":[{"href":"https:\/\/mrandmrsmedia.com\/en\/wp-json\/wp\/v2\/pages\/5676215"}],"collection":[{"href":"https:\/\/mrandmrsmedia.com\/en\/wp-json\/wp\/v2\/pages"}],"about":[{"href":"https:\/\/mrandmrsmedia.com\/en\/wp-json\/wp\/v2\/types\/page"}],"author":[{"embeddable":true,"href":"https:\/\/mrandmrsmedia.com\/en\/wp-json\/wp\/v2\/users\/4"}],"replies":[{"embeddable":true,"href":"https:\/\/mrandmrsmedia.com\/en\/wp-json\/wp\/v2\/comments?post=5676215"}],"version-history":[{"count":1,"href":"https:\/\/mrandmrsmedia.com\/en\/wp-json\/wp\/v2\/pages\/5676215\/revisions"}],"predecessor-version":[{"id":5676988,"href":"https:\/\/mrandmrsmedia.com\/en\/wp-json\/wp\/v2\/pages\/5676215\/revisions\/5676988"}],"wp:attachment":[{"href":"https:\/\/mrandmrsmedia.com\/en\/wp-json\/wp\/v2\/media?parent=5676215"}],"curies":[{"name":"wp","href":"https:\/\/api.w.org\/{rel}","templated":true}]}}