{"id":5676213,"date":"2019-03-16T21:52:57","date_gmt":"2019-03-16T20:52:57","guid":{"rendered":"https:\/\/mrandmrsmedia.com\/mention-legale\/"},"modified":"2021-11-24T09:30:05","modified_gmt":"2021-11-24T08:30:05","slug":"mention-legale","status":"publish","type":"page","link":"https:\/\/mrandmrsmedia.com\/en\/mention-legale\/","title":{"rendered":"Mentions L\u00e9gales"},"content":{"rendered":"<p>[vc_row full_width=&#8221;stretch_row_content_no_spaces&#8221; css=&#8221;.vc_custom_1552853302452{background-image: url(http:\/\/influencers.fr\/wp-content\/uploads\/2019\/03\/shadow-brand-paper-01-.jpg?id=5674189) !important;background-position: center !important;background-repeat: no-repeat !important;background-size: cover !important;}&#8221;][vc_column el_class=&#8221;over&#8221;][vc_empty_space height=&#8221;110px&#8221;][vc_column_text]<\/p>\n<h1 style=\"text-align: center;\"><span style=\"color: #ffffff;\">Mention L\u00e9gal<\/span><\/h1>\n<p>[\/vc_column_text][vc_empty_space height=&#8221;90px&#8221;][\/vc_column][\/vc_row][vc_row][vc_column][vc_column_text]<\/p>\n<h2>IDENTIFICATION<\/h2>\n<p>\u00c9diteur du site http:\/\/www.mrandmrsmedia.com :<\/p>\n<p>SARL Mr and Mrs Media<br \/>\n35, Avenue Victor Hugo &#8211; 75116 Paris<br \/>\nT\u00e9l : + 33 (0)1 40 67 08 34<br \/>\nRCS 509 361 465 R.C.S. Paris &#8211; SARL au capital de 1&#8217;500 euros<\/p>\n<p>Directeur de la Publication : MR &amp; MRS MEDIA<\/p>\n<h2>UTILISATION DU SITE &#8211; CONDITIONS G\u00c9N\u00c9RALES<\/h2>\n<p>L&#8217;Utilisateur est d\u00e9fini comme toute personne ayant acc\u00e8s au site, quels que soient sa qualit\u00e9 (particulier ou professionnel), le lieu o\u00f9 elle se trouve, les modalit\u00e9s de connexion au site, l&#8217;objet et la finalit\u00e9 de son acc\u00e8s \u00e0 l&#8217;information publi\u00e9e sur le site.<\/p>\n<p>L&#8217;Utilisateur ne saurait se pr\u00e9valoir d&#8217;aucune difficult\u00e9 d&#8217;acc\u00e8s au Site pour acc\u00e9der \u00e0 l&#8217;information en fraude des pr\u00e9sentes Conditions G\u00e9n\u00e9rales d&#8217;Utilisation.<\/p>\n<p>Les r\u00e9clamations de l&#8217;Utilisateur devront \u00eatre adress\u00e9es \u00e0 la soci\u00e9t\u00e9 par la voie postale uniquement pour pouvoir \u00eatre prises en compte sous la forme recommand\u00e9e avec accus\u00e9 de r\u00e9ception \u00e0 l&#8217;adresse indiqu\u00e9e en pr\u00e9ambule.<\/p>\n<p>La reproduction de tout ou partie de ce site sur un support quel qu&#8217;il soit, est formellement interdite sauf autorisation expresse de Mr and Mrs Media et notamment :<\/p>\n<ul>\n<li>toute extraction ou r\u00e9utilisation, y compris \u00e0 des fins priv\u00e9es, d&#8217;une partie substantielle du contenu des bases de donn\u00e9es constitu\u00e9es par le site ;<\/li>\n<li>toute extraction ou r\u00e9utilisation, r\u00e9p\u00e9t\u00e9e et syst\u00e9matique, y compris \u00e0 des fins priv\u00e9es, d&#8217;une partie m\u00eame non substantielle du contenu des bases de donn\u00e9es constitu\u00e9es par le site ;<\/li>\n<li>toute adaptation, mise \u00e0 disposition du public \u00e0 sa demande ou non, distribution, rediffusion sous quelque forme que ce soit, mise en r\u00e9seau, communication publique de tout ou partie des \u0153uvres, prestations, marques et tous \u00e9l\u00e9ments prot\u00e9g\u00e9s ou susceptibles de protection par le droit de la propri\u00e9t\u00e9 intellectuelle reproduits sur le site.<\/li>\n<\/ul>\n<h2>PROPRI\u00c9T\u00c9 INTELLECTUELLE<\/h2>\n<p>L&#8217;ensemble des \u00e9l\u00e9ments constituant ce site ainsi que le site lui-m\u00eame rel\u00e8vent des l\u00e9gislations fran\u00e7aises et internationales sur le droit d&#8217;auteur et la propri\u00e9t\u00e9 intellectuelle.<\/p>\n<p>L&#8217;Utilisateur s&#8217;interdit de modifier, copier, reproduire, t\u00e9l\u00e9charger, diffuser, transmettre, exploiter commercialement et\/ou distribuer de quelque fa\u00e7on que ce soit les services et les pages, les textes, les photos du site.<\/p>\n<p>La mise en place de liens hypertextes d&#8217;un site vers \u00ab agence-ultramedia.com \u00bb n\u00e9cessite \u00e9galement l&#8217;accord express pr\u00e9alable de la soci\u00e9t\u00e9.<\/p>\n<p>La soci\u00e9t\u00e9 peut \u00e0 tout moment modifier les termes des pr\u00e9sentes Conditions G\u00e9n\u00e9rales d&#8217;Utilisation. Ces modifications engagent l&#8217;Utilisateur d\u00e8s leur mise en ligne. Il est en cons\u00e9quence recommand\u00e9 \u00e0 l&#8217;Utilisateur de consulter r\u00e9guli\u00e8rement les Conditions G\u00e9n\u00e9rales d&#8217;Utilisation afin de prendre connaissance de ces nouvelles conditions.<\/p>\n<h2>DONN\u00c9ES PERSONNELLES<\/h2>\n<p>La soci\u00e9t\u00e9 peut \u00eatre amen\u00e9e \u00e0 collecter un certain nombre de donn\u00e9es personnelles.<\/p>\n<p>En application des dispositions de la loi n\u00b0 78-17 du 6 janvier 1978 dite &#8220;Informatique et Libert\u00e9s&#8221; modifi\u00e9e, l&#8217;Utilisateur dispose des droits d&#8217;acc\u00e8s, de modification, de rectification et de suppression des donn\u00e9es le concernant. L&#8217;exercice de ces droits s&#8217;effectue \u00e0 tout moment par la voie postale ou \u00e9lectronique directement aupr\u00e8s de la soci\u00e9t\u00e9 \u00e0 l&#8217;adresse indiqu\u00e9e en pr\u00e9ambule.<\/p>\n<h2>COOKIES<\/h2>\n<p>L&#8217;Utilisateur est inform\u00e9 que lors de ses visites sur le site, un cookie peut s&#8217;installer automatiquement et \u00eatre conserv\u00e9 temporairement en m\u00e9moire ou sur son disque dur.<\/p>\n<p>Un cookie est un \u00e9l\u00e9ment qui ne permet pas d&#8217;identifier l&#8217;Utilisateur mais sert \u00e0 l&#8217;enregistrement des informations relatives \u00e0 la navigation de celui-ci sur le site internet.<\/p>\n<p>Les Utilisateurs du site reconnaissent avoir \u00e9t\u00e9 inform\u00e9s de cette pratique et autorisent la soci\u00e9t\u00e9 \u00e0 l&#8217;employer. Ils pourront d\u00e9sactiver ce cookie par l&#8217;interm\u00e9diaire des param\u00e8tres figurant au sein de leur logiciel de navigation.<\/p>\n<h2>RESPONSABILIT\u00c9<\/h2>\n<p>L&#8217;Utilisateur est inform\u00e9 des risques inh\u00e9rents \u00e0 l&#8217;Internet, tout particuli\u00e8rement en termes de :<\/p>\n<ul>\n<li>d\u00e9faut de s\u00e9curit\u00e9 dans la transmission des donn\u00e9es ;<\/li>\n<li>continuit\u00e9 non garantie dans l&#8217;acc\u00e8s au site ou aux diff\u00e9rents services offerts par le site.<\/li>\n<\/ul>\n<p>En aucun cas, la soci\u00e9t\u00e9 ne saurait \u00eatre tenue responsable de ces risques et de leurs cons\u00e9quences, pr\u00e9judiciables, quelle qu&#8217;en soit l&#8217;\u00e9tendue, pour l&#8217;Utilisateur.<\/p>\n<p>Chaque Utilisateur est tenu de prendre toutes les mesures appropri\u00e9es de fa\u00e7on \u00e0 prot\u00e9ger ses propres donn\u00e9es, logiciels et mat\u00e9riels de la contamination par des virus ou autres formes d&#8217;attaques circulant \u00e9ventuellement \u00e0 travers le Site ou les informations publi\u00e9es.<\/p>\n<p>L&#8217;Utilisateur accepte de supporter les risques d&#8217;indisponibilit\u00e9 du serveur. Mr &amp; Mrs Media ne peut \u00eatre tenu pour responsable, en cas d&#8217;interruption du site \u00e0 tout moment pour modifier ou interrompre temporairement ou de fa\u00e7on permanente tout ou partie du Site pour effectuer des op\u00e9rations d&#8217;entretien ou de maintenance et\/ou effectuer des am\u00e9liorations et\/ou des modifications sur le Site.<\/p>\n<p>La soci\u00e9t\u00e9 ne peut \u00eatre tenue pour responsable de l&#8217;inexactitude des contenus fournis par les Utilisateurs du site.<\/p>\n<p>Si des erreurs ou omissions sont port\u00e9es \u00e0 la connaissance de la soci\u00e9t\u00e9, cette derni\u00e8re se r\u00e9serve le droit de les corriger, et plus g\u00e9n\u00e9ralement de modifier, \u00e0 tout moment, sans pr\u00e9avis, tout ou partie du site sans que sa responsabilit\u00e9 puisse \u00eatre engag\u00e9e de ce fait.<\/p>\n<p>Plus g\u00e9n\u00e9ralement, la soci\u00e9t\u00e9 ne pourra \u00eatre en aucun cas responsable en cas de dommages directs et\/ou indirects r\u00e9sultant de l&#8217;utilisation de ce site.<\/p>\n<h2>LOI APPLICABLE ET COMP\u00c9TENCE JURIDICTIONNELLE<\/h2>\n<p>Le non respect par l&#8217;Utilisateur, quelle que soit sa localisation, de l&#8217;une quelconque des dispositions des pr\u00e9sentes Conditions G\u00e9n\u00e9rales d&#8217;Utilisation et de fa\u00e7on plus g\u00e9n\u00e9rale toute difficult\u00e9 touchant \u00e0 son ex\u00e9cution, son interpr\u00e9tation ou sa validit\u00e9, sont soumis \u00e0 la loi Fran\u00e7aise et aux juridictions fran\u00e7aises.<\/p>\n<h2>H\u00c9BERGEMENT DU SITE<\/h2>\n<p>Le site est h\u00e9berg\u00e9 par la soci\u00e9t\u00e9 1and1 &#8211; \u20282 rue Kellermann \u202859100 Roubaix.[\/vc_column_text][\/vc_column][\/vc_row]<\/p>\n","protected":false},"excerpt":{"rendered":"<p>[vc_row full_width=&#8221;stretch_row_content_no_spaces&#8221; css=&#8221;.vc_custom_1552853302452{background-image: url(http:\/\/influencers.fr\/wp-content\/uploads\/2019\/03\/shadow-brand-paper-01-.jpg?id=5674189) !important;background-position: center !important;background-repeat: no-repeat !important;background-size: cover !important;}&#8221;][vc_column el_class=&#8221;over&#8221;][vc_empty_space height=&#8221;110px&#8221;][vc_column_text] Mention L\u00e9gal [\/vc_column_text][vc_empty_space height=&#8221;90px&#8221;][\/vc_column][\/vc_row][vc_row][vc_column][vc_column_text] IDENTIFICATION \u00c9diteur du site http:\/\/www.mrandmrsmedia.com : SARL Mr and Mrs Media 35, Avenue Victor Hugo &#8211; 75116 Paris T\u00e9l : + 33 (0)1 40 67 08 34 RCS 509 361 465 R.C.S. Paris &#8211; SARL au capital de [&hellip;]<\/p>\n","protected":false},"author":4,"featured_media":0,"parent":0,"menu_order":0,"comment_status":"closed","ping_status":"closed","template":"","meta":{"footnotes":""},"yoast_head":"<!-- This site is optimized with the Yoast SEO plugin v24.5 - https:\/\/yoast.com\/wordpress\/plugins\/seo\/ -->\n<title>Mentions L\u00e9gales et Protections des donn\u00e9es - Mr and Mrs Media<\/title>\n<meta name=\"description\" content=\"L&#039;ensemble des \u00e9l\u00e9ments de ce site ainsi que le site lui-m\u00eame rel\u00e8vent des l\u00e9gislations fran\u00e7aises et internationales sur le droit d&#039;auteur.\" \/>\n<meta name=\"robots\" content=\"index, follow, max-snippet:-1, max-image-preview:large, max-video-preview:-1\" \/>\n<link rel=\"canonical\" href=\"https:\/\/mrandmrsmedia.com\/fr\/mentions-legales\/\" \/>\n<meta property=\"og:locale\" content=\"en_US\" \/>\n<meta property=\"og:type\" content=\"article\" \/>\n<meta property=\"og:title\" content=\"Mentions L\u00e9gales et Protections des donn\u00e9es - Mr and Mrs Media\" \/>\n<meta property=\"og:description\" content=\"L&#039;ensemble des \u00e9l\u00e9ments de ce site ainsi que le site lui-m\u00eame rel\u00e8vent des l\u00e9gislations fran\u00e7aises et internationales sur le droit d&#039;auteur.\" \/>\n<meta property=\"og:url\" content=\"https:\/\/mrandmrsmedia.com\/fr\/mentions-legales\/\" \/>\n<meta property=\"og:site_name\" content=\"Mr and Mrs Media\" \/>\n<meta property=\"article:publisher\" content=\"https:\/\/www.facebook.com\/cvpeagency\/\" \/>\n<meta property=\"article:modified_time\" content=\"2021-11-24T08:30:05+00:00\" \/>\n<meta name=\"twitter:card\" content=\"summary_large_image\" \/>\n<meta name=\"twitter:label1\" content=\"Est. reading time\" \/>\n\t<meta name=\"twitter:data1\" content=\"5 minutes\" \/>\n<script type=\"application\/ld+json\" class=\"yoast-schema-graph\">{\"@context\":\"https:\/\/schema.org\",\"@graph\":[{\"@type\":\"WebPage\",\"@id\":\"https:\/\/mrandmrsmedia.com\/fr\/mentions-legales\/\",\"url\":\"https:\/\/mrandmrsmedia.com\/fr\/mentions-legales\/\",\"name\":\"Mentions L\u00e9gales et Protections des donn\u00e9es - Mr and Mrs Media\",\"isPartOf\":{\"@id\":\"https:\/\/mrandmrsmedia.com\/fr\/#website\"},\"datePublished\":\"2019-03-16T20:52:57+00:00\",\"dateModified\":\"2021-11-24T08:30:05+00:00\",\"description\":\"L'ensemble des \u00e9l\u00e9ments de ce site ainsi que le site lui-m\u00eame rel\u00e8vent des l\u00e9gislations fran\u00e7aises et internationales sur le droit d'auteur.\",\"breadcrumb\":{\"@id\":\"https:\/\/mrandmrsmedia.com\/fr\/mentions-legales\/#breadcrumb\"},\"inLanguage\":\"en-US\",\"potentialAction\":[{\"@type\":\"ReadAction\",\"target\":[\"https:\/\/mrandmrsmedia.com\/fr\/mentions-legales\/\"]}]},{\"@type\":\"BreadcrumbList\",\"@id\":\"https:\/\/mrandmrsmedia.com\/fr\/mentions-legales\/#breadcrumb\",\"itemListElement\":[{\"@type\":\"ListItem\",\"position\":1,\"name\":\"Accueil\",\"item\":\"https:\/\/mrandmrsmedia.com\/en\/\"},{\"@type\":\"ListItem\",\"position\":2,\"name\":\"Mentions L\u00e9gales\"}]},{\"@type\":\"WebSite\",\"@id\":\"https:\/\/mrandmrsmedia.com\/fr\/#website\",\"url\":\"https:\/\/mrandmrsmedia.com\/fr\/\",\"name\":\"Mr and Mrs Media\",\"description\":\"Cr\u00e9ateur de magazines\",\"potentialAction\":[{\"@type\":\"SearchAction\",\"target\":{\"@type\":\"EntryPoint\",\"urlTemplate\":\"https:\/\/mrandmrsmedia.com\/fr\/?s={search_term_string}\"},\"query-input\":{\"@type\":\"PropertyValueSpecification\",\"valueRequired\":true,\"valueName\":\"search_term_string\"}}],\"inLanguage\":\"en-US\"}]}<\/script>\n<!-- \/ Yoast SEO plugin. -->","yoast_head_json":{"title":"Mentions L\u00e9gales et Protections des donn\u00e9es - Mr and Mrs Media","description":"L'ensemble des \u00e9l\u00e9ments de ce site ainsi que le site lui-m\u00eame rel\u00e8vent des l\u00e9gislations fran\u00e7aises et internationales sur le droit d'auteur.","robots":{"index":"index","follow":"follow","max-snippet":"max-snippet:-1","max-image-preview":"max-image-preview:large","max-video-preview":"max-video-preview:-1"},"canonical":"https:\/\/mrandmrsmedia.com\/fr\/mentions-legales\/","og_locale":"en_US","og_type":"article","og_title":"Mentions L\u00e9gales et Protections des donn\u00e9es - Mr and Mrs Media","og_description":"L'ensemble des \u00e9l\u00e9ments de ce site ainsi que le site lui-m\u00eame rel\u00e8vent des l\u00e9gislations fran\u00e7aises et internationales sur le droit d'auteur.","og_url":"https:\/\/mrandmrsmedia.com\/fr\/mentions-legales\/","og_site_name":"Mr and Mrs Media","article_publisher":"https:\/\/www.facebook.com\/cvpeagency\/","article_modified_time":"2021-11-24T08:30:05+00:00","twitter_card":"summary_large_image","twitter_misc":{"Est. reading time":"5 minutes"},"schema":{"@context":"https:\/\/schema.org","@graph":[{"@type":"WebPage","@id":"https:\/\/mrandmrsmedia.com\/fr\/mentions-legales\/","url":"https:\/\/mrandmrsmedia.com\/fr\/mentions-legales\/","name":"Mentions L\u00e9gales et Protections des donn\u00e9es - Mr and Mrs Media","isPartOf":{"@id":"https:\/\/mrandmrsmedia.com\/fr\/#website"},"datePublished":"2019-03-16T20:52:57+00:00","dateModified":"2021-11-24T08:30:05+00:00","description":"L'ensemble des \u00e9l\u00e9ments de ce site ainsi que le site lui-m\u00eame rel\u00e8vent des l\u00e9gislations fran\u00e7aises et internationales sur le droit d'auteur.","breadcrumb":{"@id":"https:\/\/mrandmrsmedia.com\/fr\/mentions-legales\/#breadcrumb"},"inLanguage":"en-US","potentialAction":[{"@type":"ReadAction","target":["https:\/\/mrandmrsmedia.com\/fr\/mentions-legales\/"]}]},{"@type":"BreadcrumbList","@id":"https:\/\/mrandmrsmedia.com\/fr\/mentions-legales\/#breadcrumb","itemListElement":[{"@type":"ListItem","position":1,"name":"Accueil","item":"https:\/\/mrandmrsmedia.com\/en\/"},{"@type":"ListItem","position":2,"name":"Mentions L\u00e9gales"}]},{"@type":"WebSite","@id":"https:\/\/mrandmrsmedia.com\/fr\/#website","url":"https:\/\/mrandmrsmedia.com\/fr\/","name":"Mr and Mrs Media","description":"Cr\u00e9ateur de magazines","potentialAction":[{"@type":"SearchAction","target":{"@type":"EntryPoint","urlTemplate":"https:\/\/mrandmrsmedia.com\/fr\/?s={search_term_string}"},"query-input":{"@type":"PropertyValueSpecification","valueRequired":true,"valueName":"search_term_string"}}],"inLanguage":"en-US"}]}},"_links":{"self":[{"href":"https:\/\/mrandmrsmedia.com\/en\/wp-json\/wp\/v2\/pages\/5676213"}],"collection":[{"href":"https:\/\/mrandmrsmedia.com\/en\/wp-json\/wp\/v2\/pages"}],"about":[{"href":"https:\/\/mrandmrsmedia.com\/en\/wp-json\/wp\/v2\/types\/page"}],"author":[{"embeddable":true,"href":"https:\/\/mrandmrsmedia.com\/en\/wp-json\/wp\/v2\/users\/4"}],"replies":[{"embeddable":true,"href":"https:\/\/mrandmrsmedia.com\/en\/wp-json\/wp\/v2\/comments?post=5676213"}],"version-history":[{"count":1,"href":"https:\/\/mrandmrsmedia.com\/en\/wp-json\/wp\/v2\/pages\/5676213\/revisions"}],"predecessor-version":[{"id":5676990,"href":"https:\/\/mrandmrsmedia.com\/en\/wp-json\/wp\/v2\/pages\/5676213\/revisions\/5676990"}],"wp:attachment":[{"href":"https:\/\/mrandmrsmedia.com\/en\/wp-json\/wp\/v2\/media?parent=5676213"}],"curies":[{"name":"wp","href":"https:\/\/api.w.org\/{rel}","templated":true}]}}